{"id":6,"date":"2018-08-20T07:08:50","date_gmt":"2018-08-20T07:08:50","guid":{"rendered":"http:\/\/www.garlic-processing.com\/?page_id=6"},"modified":"2025-11-27T14:31:02","modified_gmt":"2025-11-27T06:31:02","slug":"about-us","status":"publish","type":"page","link":"https:\/\/garlic-processing.com\/de\/about-us\/","title":{"rendered":"\u00dcber uns"},"content":{"rendered":"<div class=\"wp-block-columns is-layout-flex wp-container-core-columns-is-layout-9d6595d7 wp-block-columns-is-layout-flex\"> <div class=\"wp-block-column is-vertically-aligned-top is-layout-flow wp-block-column-is-layout-flow\"> <h2 class=\"wp-block-heading\"><strong><mark style=\"background-color:rgba(0, 0, 0, 0)\" class=\"has-inline-color has-green-color\">Unser Firmenstandort <\/mark><\/strong><\/h2>    <p class=\"translation-block\"><strong>Zhengzhou Shuliy Machinery Co., Ltd.<\/strong>, mit \u00fcber 20 Jahren Erfahrung in der Maschinenherstellung, ist ein etabliertes Unternehmen, das Forschung, Entwicklung, Design, Herstellung und Vertrieb integriert. Gelegen im Zhengzhou Wirtschafts- und Technologies Entwicklungsgebiet \u2013 ein lebendiges Handels- und Industriezentrum \u2013 konzentriert sich das Unternehmen haupts\u00e4chlich auf den Export verschiedener Maschinen und Ger\u00e4te.<\/p>    <p class=\"translation-block\">Shuliy betreibt zudem seine Tochtergesellschaft <strong>Taizy<\/strong>, die auf Lebensmittelverarbeitungsmaschinen und kundenspezifische Produktionsl\u00f6sungen spezialisiert ist, und erweitert so die globale Servicef\u00e4higkeit und Marktkompetenz des Unternehmens.<\/p>    <p class=\"translation-block\"><em><strong><mark class=\"has-inline-color has-green-color\">Detaillierte Adresse:<\/mark><\/strong> <\/em>\u00a0<em><strong>No.1394 East Hanghai Road, Economic-technological Development Area, Zhengzhou, China<\/strong><\/em><\/p>    <figure class=\"wp-block-gallery has-nested-images columns-default is-cropped wp-block-gallery-2 is-layout-flex wp-block-gallery-is-layout-flex\"> <figure class=\"wp-block-image size-large\"><img loading=\"lazy\" decoding=\"async\" width=\"1024\" height=\"536\" data-id=\"1526\" src=\"https:\/\/www.garlic-processing.com\/wp-content\/uploads\/2022\/03\/shuliy-machinery-factory-1024x536.jpg\" alt=\"\" class=\"wp-image-1526\" title=\"\" srcset=\"https:\/\/garlic-processing.com\/wp-content\/uploads\/2022\/03\/shuliy-machinery-factory-1024x536.jpg 1024w, https:\/\/garlic-processing.com\/wp-content\/uploads\/2022\/03\/shuliy-machinery-factory-300x157.jpg 300w, https:\/\/garlic-processing.com\/wp-content\/uploads\/2022\/03\/shuliy-machinery-factory-768x402.jpg 768w, https:\/\/garlic-processing.com\/wp-content\/uploads\/2022\/03\/shuliy-machinery-factory.jpg 1352w\" sizes=\"auto, (max-width: 1024px) 100vw, 1024px\" \/><\/figure>    <figure class=\"wp-block-image size-large\"><img loading=\"lazy\" decoding=\"async\" width=\"800\" height=\"533\" data-id=\"306\" src=\"https:\/\/www.garlic-processing.com\/wp-content\/uploads\/2018\/09\/company-1.jpg\" alt=\"\" class=\"wp-image-306\" title=\"\" srcset=\"https:\/\/garlic-processing.com\/wp-content\/uploads\/2018\/09\/company-1.jpg 800w, https:\/\/garlic-processing.com\/wp-content\/uploads\/2018\/09\/company-1-300x200.jpg 300w, https:\/\/garlic-processing.com\/wp-content\/uploads\/2018\/09\/company-1-768x512.jpg 768w\" sizes=\"auto, (max-width: 800px) 100vw, 800px\" \/><\/figure> <\/figure> <\/div> <\/div>    <h2 class=\"wp-block-heading\"><strong><b><mark style=\"background-color:rgba(0, 0, 0, 0)\" class=\"has-inline-color has-green-color\">Unsere Hauptprodukte und unser Markt<\/mark><\/b><\/strong><\/h2>    <p class=\"translation-block\">Unsere Hauptprodukte umfassen den <strong><a href=\"https:\/\/garlic-processing.com\/de\/garlic-separator-machine.html\/\">Knoblauchzehen-Separator<\/a><\/strong>, Knoblauchsch\u00e4lmaschine, Knoblauchscheibenschneider, <strong><a href=\"https:\/\/garlic-processing.com\/de\/garlic-grinder-stainless-steel-grinding-machine.html\/\">Knoblauchmahlmaschine<\/a><\/strong>, Knoblauch-Trockenmaschine, Knoblauchpaste-Maschine, Knoblauchpulver-Verpackungsmaschine und mehr. In den letzten Jahren erfreuen sich unsere Produkte gro\u00dfer Beliebtheit auf den M\u00e4rkten in Afrika und S\u00fcdostasien, wie Serbien, Tschechische Republik, Malaysia, Singapur, Thailand, Polen, USA, Frankreich, Saudi-Arabien, Elfenbeink\u00fcste, Peru, Italien, Ungarn, Jamaika und so weiter.<\/p>    <figure class=\"wp-block-image aligncenter size-full\"><img loading=\"lazy\" decoding=\"async\" width=\"720\" height=\"540\" src=\"https:\/\/www.garlic-processing.com\/wp-content\/uploads\/2025\/11\/Market-distribution.webp\" alt=\"Marktverteilung\" class=\"wp-image-2929\" title=\"\" srcset=\"https:\/\/garlic-processing.com\/wp-content\/uploads\/2025\/11\/Market-distribution.webp 720w, https:\/\/garlic-processing.com\/wp-content\/uploads\/2025\/11\/Market-distribution-300x225.webp 300w, https:\/\/garlic-processing.com\/wp-content\/uploads\/2025\/11\/Market-distribution-16x12.webp 16w\" sizes=\"auto, (max-width: 720px) 100vw, 720px\" \/><figcaption class=\"wp-element-caption\">Marktverteilung<\/figcaption><\/figure>    <h2 class=\"wp-block-heading\"><mark style=\"background-color:rgba(0, 0, 0, 0)\" class=\"has-inline-color has-green-color\">Unsere Kernst\u00e4rken<\/mark><\/h2>    <h3 class=\"wp-block-heading\"><mark style=\"background-color:rgba(0, 0, 0, 0)\" class=\"has-inline-color has-green-color\">End-to-End-L\u00f6sungen f\u00fcr industrielle Ausr\u00fcstung<\/mark><\/h3>    <ul class=\"wp-block-list\"> <li>Von eigenst\u00e4ndigen Maschinen bis hin zu kompletten Produktionslinien bieten wir ma\u00dfgeschneiderte Planung, Herstellung, Installation und After-Sales-Support, um eine reibungslose Projektumsetzung zu gew\u00e4hrleisten.<\/li>    <li>Umfangreiche Erfahrung in Regierungsprojekten (z.B. Ausschreibungen der nigerianischen Regierung) stellt sicher, dass wir den Anforderungen der gro\u00df angelegten Industrie gerecht werden.<\/li> <\/ul>    <h3 class=\"wp-block-heading\"><strong><mark style=\"background-color:rgba(0, 0, 0, 0)\" class=\"has-inline-color has-green-color\">Strenge Qualit\u00e4tskontrolle<\/mark><\/strong><\/h3>    <ul class=\"wp-block-list\"> <li>Zertifiziert mit ISO9001, CE und weiteren internationalen Standards, Gew\u00e4hrleistung der Einhaltung globaler Markterfordernisse.<\/li>    <li>Pr\u00e4zisionsingenieurwesen und strenge Qualit\u00e4tskontrolle gew\u00e4hrleisten langfristige Zuverl\u00e4ssigkeit und Leistung.<\/li> <\/ul>    <figure class=\"wp-block-image aligncenter size-full\"><img loading=\"lazy\" decoding=\"async\" width=\"519\" height=\"720\" src=\"https:\/\/www.garlic-processing.com\/wp-content\/uploads\/2025\/11\/ISO9001.webp\" alt=\"ISO9001\" class=\"wp-image-2921\" title=\"\" srcset=\"https:\/\/garlic-processing.com\/wp-content\/uploads\/2025\/11\/ISO9001.webp 519w, https:\/\/garlic-processing.com\/wp-content\/uploads\/2025\/11\/ISO9001-216x300.webp 216w, https:\/\/garlic-processing.com\/wp-content\/uploads\/2025\/11\/ISO9001-9x12.webp 9w\" sizes=\"auto, (max-width: 519px) 100vw, 519px\" \/><figcaption class=\"wp-element-caption\">ISO9001<\/figcaption><\/figure>    <h3 class=\"wp-block-heading\"><strong><mark style=\"background-color:rgba(0, 0, 0, 0)\" class=\"has-inline-color has-green-color\">Globales Servicenetzwerk<\/mark><\/strong><\/h3>    <ul class=\"wp-block-list\"> <li>Rund-um-die-Uhr technischer Support f\u00fcr schnelle Reaktion und Fehlerbehebung.<\/li>    <li>Strategisch in Zhengzhou, China \u2013 einem globalen Logistikzentrum \u2013 ans\u00e4ssig, erm\u00f6glicht kosteneffiziente Land-, Luft- und Seefrachtl\u00f6sungen, um die Versorgungskettenkosten zu minimieren.<\/li> <\/ul>    <figure class=\"wp-block-gallery has-nested-images columns-default is-cropped wp-block-gallery-3 is-layout-flex wp-block-gallery-is-layout-flex\"> <figure class=\"wp-block-image size-large\"><img loading=\"lazy\" decoding=\"async\" width=\"720\" height=\"540\" data-id=\"2933\" src=\"https:\/\/www.garlic-processing.com\/wp-content\/uploads\/2025\/11\/Air-Freight.webp\" alt=\"Luftfracht\" class=\"wp-image-2933\" title=\"\" srcset=\"https:\/\/garlic-processing.com\/wp-content\/uploads\/2025\/11\/Air-Freight.webp 720w, https:\/\/garlic-processing.com\/wp-content\/uploads\/2025\/11\/Air-Freight-300x225.webp 300w, https:\/\/garlic-processing.com\/wp-content\/uploads\/2025\/11\/Air-Freight-16x12.webp 16w\" sizes=\"auto, (max-width: 720px) 100vw, 720px\" \/><figcaption class=\"wp-element-caption\">Luftfracht<\/figcaption><\/figure>    <figure class=\"wp-block-image size-large\"><img loading=\"lazy\" decoding=\"async\" width=\"720\" height=\"540\" data-id=\"2935\" src=\"https:\/\/www.garlic-processing.com\/wp-content\/uploads\/2025\/11\/Sea-Freight.webp\" alt=\"Seehafenverkehr\" class=\"wp-image-2935\" title=\"\" srcset=\"https:\/\/garlic-processing.com\/wp-content\/uploads\/2025\/11\/Sea-Freight.webp 720w, https:\/\/garlic-processing.com\/wp-content\/uploads\/2025\/11\/Sea-Freight-300x225.webp 300w, https:\/\/garlic-processing.com\/wp-content\/uploads\/2025\/11\/Sea-Freight-16x12.webp 16w\" sizes=\"auto, (max-width: 720px) 100vw, 720px\" \/><figcaption class=\"wp-element-caption\">Seehafenverkehr<\/figcaption><\/figure>    <figure class=\"wp-block-image size-large\"><img loading=\"lazy\" decoding=\"async\" width=\"720\" height=\"540\" data-id=\"2934\" src=\"https:\/\/www.garlic-processing.com\/wp-content\/uploads\/2025\/11\/Rail-Freight.webp\" alt=\"Schiffstransport (Rail Freight)\" class=\"wp-image-2934\" title=\"\" srcset=\"https:\/\/garlic-processing.com\/wp-content\/uploads\/2025\/11\/Rail-Freight.webp 720w, https:\/\/garlic-processing.com\/wp-content\/uploads\/2025\/11\/Rail-Freight-300x225.webp 300w, https:\/\/garlic-processing.com\/wp-content\/uploads\/2025\/11\/Rail-Freight-16x12.webp 16w\" sizes=\"auto, (max-width: 720px) 100vw, 720px\" \/><figcaption class=\"wp-element-caption\">Schiffstransport (Rail Freight)<\/figcaption><\/figure> <\/figure>    <h2 class=\"wp-block-heading\"><strong><b><mark style=\"background-color:rgba(0, 0, 0, 0)\" class=\"has-inline-color has-green-color\">Unsere Qualit\u00e4tskontrolle und unser Service<\/mark> <\/b><\/strong><\/h2>    <p>Wir streben stets nach Exzellenz. Dank einer gut ausgebildeten Belegschaft, einem strengen Qualit\u00e4tssicherungssystem, optimiertem Management des gesamten Produktionsprozesses und perfekten After-Sales-Services werden unsere Produkte und Dienstleistungen von in- und ausl\u00e4ndischen Kunden hoch gelobt. <\/p>    <p>Basierend auf dem Prinzip der Qualit\u00e4tsorientierung, guten Reputation und Kundenorientierung, vertrauen wir darauf, hochwertige Produkte in den relevanten Branchen zu schaffen und gro\u00dfartige Leistungen f\u00fcr die Ewigkeit zu erzielen. Wir sind sehr engagiert, Premium-Qualit\u00e4tsprodukte und zufriedenstellenden Service f\u00fcr alle Kunden bereitzustellen, und freuen uns auf aufrichtige Zusammenarbeit mit ihnen f\u00fcr eine helle Zukunft.&nbsp;<\/p>    <p>Unser Unternehmen strebt danach, Innovationen in der Praxis zu schaffen und eine zuverl\u00e4ssige Garantie vom Produktions- bis zum Verkaufsprozess zu bieten. Unser Qualit\u00e4tsstatement l\u00e4sst sich auf ein Wort reduzieren \u2013 Engagement \u2013 f\u00fcr die Landwirtschaft, Landwirte und Produktverbraucher, das wir jeden Tag zu erf\u00fcllen versuchen.<\/p>    <h2 class=\"wp-block-heading\"><mark style=\"background-color:rgba(0, 0, 0, 0);color:#00d084\" class=\"has-inline-color\">Partnern Sie mit der Shuliy-Gruppe f\u00fcr eine intelligentere, effizientere Zukunft.<\/mark><\/h2>    <p>Wir priorisieren kundenorientierte Innovationen und technologische Exzellenz und streben danach, eine Benchmark in der globalen Industriemaschinenbranche zu sein. Wo immer Ihre Operationen auch sind, liefert die Shuliy-Gruppe professionelle, zuverl\u00e4ssige und leistungsstarke L\u00f6sungen.<\/p>    <p>Kontaktieren Sie uns f\u00fcr ein ma\u00dfgeschneidertes Angebot!<\/p>    <figure class=\"wp-block-image aligncenter size-full\"><img loading=\"lazy\" decoding=\"async\" width=\"720\" height=\"540\" src=\"https:\/\/www.garlic-processing.com\/wp-content\/uploads\/2025\/07\/Cooperative-Clients.webp\" alt=\"Nach dem Versiegeln wird jeder Beutel automatisch geschnitten, um einzelne Pakete zu bilden.\" class=\"wp-image-2712\" title=\"\" srcset=\"https:\/\/garlic-processing.com\/wp-content\/uploads\/2025\/07\/Cooperative-Clients.webp 720w, https:\/\/garlic-processing.com\/wp-content\/uploads\/2025\/07\/Cooperative-Clients-300x225.webp 300w, https:\/\/garlic-processing.com\/wp-content\/uploads\/2025\/07\/Cooperative-Clients-16x12.webp 16w\" sizes=\"auto, (max-width: 720px) 100vw, 720px\" \/><figcaption class=\"wp-element-caption\">Nach dem Versiegeln wird jeder Beutel automatisch geschnitten, um einzelne Pakete zu bilden.<\/figcaption><\/figure>    <p><\/p>","protected":false},"excerpt":{"rendered":"<p>Our Company Location Zhengzhou Shuliy Machinery Co., Ltd., with over 20 years of experience in machinery manufacturing, is a well-established enterprise integrating research, development, design, manufacturing, and sales. Located in the Zhengzhou Economic and Technological Development Zone\u2014a vibrant commercial and industrial hub\u2014the company focuses mainly on the export of various machinery and equipment. Shuliy also [&hellip;]<\/p>\n","protected":false},"author":1,"featured_media":0,"parent":0,"menu_order":0,"comment_status":"closed","ping_status":"closed","template":"","meta":{"footnotes":""},"class_list":["post-6","page","type-page","status-publish","hentry"],"_links":{"self":[{"href":"https:\/\/garlic-processing.com\/de\/wp-json\/wp\/v2\/pages\/6","targetHints":{"allow":["GET"]}}],"collection":[{"href":"https:\/\/garlic-processing.com\/de\/wp-json\/wp\/v2\/pages"}],"about":[{"href":"https:\/\/garlic-processing.com\/de\/wp-json\/wp\/v2\/types\/page"}],"author":[{"embeddable":true,"href":"https:\/\/garlic-processing.com\/de\/wp-json\/wp\/v2\/users\/1"}],"replies":[{"embeddable":true,"href":"https:\/\/garlic-processing.com\/de\/wp-json\/wp\/v2\/comments?post=6"}],"version-history":[{"count":0,"href":"https:\/\/garlic-processing.com\/de\/wp-json\/wp\/v2\/pages\/6\/revisions"}],"wp:attachment":[{"href":"https:\/\/garlic-processing.com\/de\/wp-json\/wp\/v2\/media?parent=6"}],"curies":[{"name":"wp","href":"https:\/\/api.w.org\/{rel}","templated":true}]}}