{"id":6,"date":"2018-08-20T07:08:50","date_gmt":"2018-08-20T07:08:50","guid":{"rendered":"http:\/\/www.garlic-processing.com\/?page_id=6"},"modified":"2025-11-27T14:31:02","modified_gmt":"2025-11-27T06:31:02","slug":"about-us","status":"publish","type":"page","link":"https:\/\/garlic-processing.com\/es\/about-us\/","title":{"rendered":"Sobre nosotros"},"content":{"rendered":"<div class=\"wp-block-columns is-layout-flex wp-container-core-columns-is-layout-9d6595d7 wp-block-columns-is-layout-flex\"> <div class=\"wp-block-column is-vertically-aligned-top is-layout-flow wp-block-column-is-layout-flow\"> <h2 class=\"wp-block-heading\"><strong><mark style=\"background-color:rgba(0, 0, 0, 0)\" class=\"has-inline-color has-green-color\">Ubicaci\u00f3n de nuestra empresa <\/mark><\/strong><\/h2>    <p class=\"translation-block\"><strong>Zhengzhou Shuliy Machinery Co., Ltd.<\/strong>, con m\u00e1s de 20 a\u00f1os de experiencia en fabricaci\u00f3n de maquinaria, es una empresa bien establecida que integra investigaci\u00f3n, desarrollo, dise\u00f1o, fabricaci\u00f3n y ventas. Situada en la Zona de Desarrollo Econ\u00f3mico y Tecnol\u00f3gico de Zhengzhou\u2014un centro comercial e industrial vibrante\u2014la empresa se centra principalmente en la exportaci\u00f3n de varias m\u00e1quinas y equipos.<\/p>    <p class=\"translation-block\">Shuliy tambi\u00e9n opera su filial <strong>Taizy<\/strong>, que se especializa en maquinaria de procesamiento de alimentos y soluciones de producci\u00f3n personalizadas, mejorando a\u00fan m\u00e1s las capacidades de servicio global de la empresa y su competitividad en el mercado.<\/p>    <p class=\"translation-block\"><em><strong><mark class=\"has-inline-color has-green-color\">Direcci\u00f3n detallada:<\/mark><\/strong> <\/em>\u00a0<em><strong>No.1394 East Hanghai Road, Zona de Desarrollo Econ\u00f3mico y Tecnol\u00f3gico, Zhengzhou, China<\/strong><\/em><\/p>    <figure class=\"wp-block-gallery has-nested-images columns-default is-cropped wp-block-gallery-2 is-layout-flex wp-block-gallery-is-layout-flex\"> <figure class=\"wp-block-image size-large\"><img loading=\"lazy\" decoding=\"async\" width=\"1024\" height=\"536\" data-id=\"1526\" src=\"https:\/\/www.garlic-processing.com\/wp-content\/uploads\/2022\/03\/shuliy-machinery-factory-1024x536.jpg\" alt=\"\" class=\"wp-image-1526\" title=\"\" srcset=\"https:\/\/garlic-processing.com\/wp-content\/uploads\/2022\/03\/shuliy-machinery-factory-1024x536.jpg 1024w, https:\/\/garlic-processing.com\/wp-content\/uploads\/2022\/03\/shuliy-machinery-factory-300x157.jpg 300w, https:\/\/garlic-processing.com\/wp-content\/uploads\/2022\/03\/shuliy-machinery-factory-768x402.jpg 768w, https:\/\/garlic-processing.com\/wp-content\/uploads\/2022\/03\/shuliy-machinery-factory.jpg 1352w\" sizes=\"auto, (max-width: 1024px) 100vw, 1024px\" \/><\/figure>    <figure class=\"wp-block-image size-large\"><img loading=\"lazy\" decoding=\"async\" width=\"800\" height=\"533\" data-id=\"306\" src=\"https:\/\/www.garlic-processing.com\/wp-content\/uploads\/2018\/09\/company-1.jpg\" alt=\"\" class=\"wp-image-306\" title=\"\" srcset=\"https:\/\/garlic-processing.com\/wp-content\/uploads\/2018\/09\/company-1.jpg 800w, https:\/\/garlic-processing.com\/wp-content\/uploads\/2018\/09\/company-1-300x200.jpg 300w, https:\/\/garlic-processing.com\/wp-content\/uploads\/2018\/09\/company-1-768x512.jpg 768w\" sizes=\"auto, (max-width: 800px) 100vw, 800px\" \/><\/figure> <\/figure> <\/div> <\/div>    <h2 class=\"wp-block-heading\"><strong><b><mark style=\"background-color:rgba(0, 0, 0, 0)\" class=\"has-inline-color has-green-color\">Nuestros principales productos y mercado<\/mark><\/b><\/strong><\/h2>    <p class=\"translation-block\">Nuestros productos principales incluyen el <strong><a href=\"https:\/\/garlic-processing.com\/es\/garlic-separator-machine.html\/\">separador de dientes de ajo<\/a><\/strong>, m\u00e1quina peladora de ajo, m\u00e1quina envasadora de ajo, <strong><a href=\"https:\/\/garlic-processing.com\/es\/garlic-grinder-stainless-steel-grinding-machine.html\/\">m\u00e1quina de molienda de ajo<\/a><\/strong>, m\u00e1quina de secado de ajo, m\u00e1quina de pasta de ajo, m\u00e1quina de envasado de polvo de ajo y m\u00e1s. En los \u00faltimos a\u00f1os, nuestros productos han gozado de gran popularidad en los mercados de \u00c1frica y el Sudeste Asi\u00e1tico, como Serbia, Rep\u00fablica Checa, Malasia, Singapur, Tailandia, Polonia, EE. UU., Francia, Arabia Saudita, Costa de Marfil, Per\u00fa, Italia, Hungr\u00eda, Jamaica, etc.<\/p>    <figure class=\"wp-block-image aligncenter size-full\"><img loading=\"lazy\" decoding=\"async\" width=\"720\" height=\"540\" src=\"https:\/\/www.garlic-processing.com\/wp-content\/uploads\/2025\/11\/Market-distribution.webp\" alt=\"Distribuci\u00f3n en el mercado\" class=\"wp-image-2929\" title=\"\" srcset=\"https:\/\/garlic-processing.com\/wp-content\/uploads\/2025\/11\/Market-distribution.webp 720w, https:\/\/garlic-processing.com\/wp-content\/uploads\/2025\/11\/Market-distribution-300x225.webp 300w, https:\/\/garlic-processing.com\/wp-content\/uploads\/2025\/11\/Market-distribution-16x12.webp 16w\" sizes=\"auto, (max-width: 720px) 100vw, 720px\" \/><figcaption class=\"wp-element-caption\">Distribuci\u00f3n en el mercado<\/figcaption><\/figure>    <h2 class=\"wp-block-heading\"><mark style=\"background-color:rgba(0, 0, 0, 0)\" class=\"has-inline-color has-green-color\">Nuestras Fortalezas Clave<\/mark><\/h2>    <h3 class=\"wp-block-heading\"><mark style=\"background-color:rgba(0, 0, 0, 0)\" class=\"has-inline-color has-green-color\">Soluciones de Equipos Industriales de Extremo a Extremo<\/mark><\/h3>    <ul class=\"wp-block-list\"> <li>Desde m\u00e1quinas independientes hasta l\u00edneas de producci\u00f3n completas, ofrecemos dise\u00f1o personalizado, fabricaci\u00f3n, instalaci\u00f3n y soporte postventa para garantizar una ejecuci\u00f3n de proyecto sin problemas.<\/li>    <li>Una amplia experiencia en proyectos gubernamentales (por ejemplo, licitaciones del gobierno nigeriano) garantiza que cumplimos con las demandas industriales a gran escala.<\/li> <\/ul>    <h3 class=\"wp-block-heading\"><strong><mark style=\"background-color:rgba(0, 0, 0, 0)\" class=\"has-inline-color has-green-color\">Control de Calidad Rigurosos<\/mark><\/strong><\/h3>    <ul class=\"wp-block-list\"> <li>Certificado con ISO9001, CE y otras normas internacionales, garantizando el cumplimiento de los requisitos del mercado global.<\/li>    <li>La ingenier\u00eda de precisi\u00f3n y el control de calidad estricto garantizan fiabilidad y rendimiento a largo plazo.<\/li> <\/ul>    <figure class=\"wp-block-image aligncenter size-full\"><img loading=\"lazy\" decoding=\"async\" width=\"519\" height=\"720\" src=\"https:\/\/www.garlic-processing.com\/wp-content\/uploads\/2025\/11\/ISO9001.webp\" alt=\"ISO9001\" class=\"wp-image-2921\" title=\"\" srcset=\"https:\/\/garlic-processing.com\/wp-content\/uploads\/2025\/11\/ISO9001.webp 519w, https:\/\/garlic-processing.com\/wp-content\/uploads\/2025\/11\/ISO9001-216x300.webp 216w, https:\/\/garlic-processing.com\/wp-content\/uploads\/2025\/11\/ISO9001-9x12.webp 9w\" sizes=\"auto, (max-width: 519px) 100vw, 519px\" \/><figcaption class=\"wp-element-caption\">ISO9001<\/figcaption><\/figure>    <h3 class=\"wp-block-heading\"><strong><mark style=\"background-color:rgba(0, 0, 0, 0)\" class=\"has-inline-color has-green-color\">Red de Servicio Global<\/mark><\/strong><\/h3>    <ul class=\"wp-block-list\"> <li>Soporte t\u00e9cnico 24\/7 para una respuesta r\u00e1pida y resoluci\u00f3n de problemas.<\/li>    <li>Con sede estrat\u00e9gica en Zhengzhou, China, un centro log\u00edstico mundial, que permite soluciones de transporte terrestre, a\u00e9reo y mar\u00edtimo rentables para minimizar los gastos de la cadena de suministro.<\/li> <\/ul>    <figure class=\"wp-block-gallery has-nested-images columns-default is-cropped wp-block-gallery-3 is-layout-flex wp-block-gallery-is-layout-flex\"> <figure class=\"wp-block-image size-large\"><img loading=\"lazy\" decoding=\"async\" width=\"720\" height=\"540\" data-id=\"2933\" src=\"https:\/\/www.garlic-processing.com\/wp-content\/uploads\/2025\/11\/Air-Freight.webp\" alt=\"Transporte a\u00e9reo\" class=\"wp-image-2933\" title=\"\" srcset=\"https:\/\/garlic-processing.com\/wp-content\/uploads\/2025\/11\/Air-Freight.webp 720w, https:\/\/garlic-processing.com\/wp-content\/uploads\/2025\/11\/Air-Freight-300x225.webp 300w, https:\/\/garlic-processing.com\/wp-content\/uploads\/2025\/11\/Air-Freight-16x12.webp 16w\" sizes=\"auto, (max-width: 720px) 100vw, 720px\" \/><figcaption class=\"wp-element-caption\">Transporte a\u00e9reo<\/figcaption><\/figure>    <figure class=\"wp-block-image size-large\"><img loading=\"lazy\" decoding=\"async\" width=\"720\" height=\"540\" data-id=\"2935\" src=\"https:\/\/www.garlic-processing.com\/wp-content\/uploads\/2025\/11\/Sea-Freight.webp\" alt=\"Transporte mar\u00edtimo\" class=\"wp-image-2935\" title=\"\" srcset=\"https:\/\/garlic-processing.com\/wp-content\/uploads\/2025\/11\/Sea-Freight.webp 720w, https:\/\/garlic-processing.com\/wp-content\/uploads\/2025\/11\/Sea-Freight-300x225.webp 300w, https:\/\/garlic-processing.com\/wp-content\/uploads\/2025\/11\/Sea-Freight-16x12.webp 16w\" sizes=\"auto, (max-width: 720px) 100vw, 720px\" \/><figcaption class=\"wp-element-caption\">Transporte mar\u00edtimo<\/figcaption><\/figure>    <figure class=\"wp-block-image size-large\"><img loading=\"lazy\" decoding=\"async\" width=\"720\" height=\"540\" data-id=\"2934\" src=\"https:\/\/www.garlic-processing.com\/wp-content\/uploads\/2025\/11\/Rail-Freight.webp\" alt=\"Transporte por ferrocarril\" class=\"wp-image-2934\" title=\"\" srcset=\"https:\/\/garlic-processing.com\/wp-content\/uploads\/2025\/11\/Rail-Freight.webp 720w, https:\/\/garlic-processing.com\/wp-content\/uploads\/2025\/11\/Rail-Freight-300x225.webp 300w, https:\/\/garlic-processing.com\/wp-content\/uploads\/2025\/11\/Rail-Freight-16x12.webp 16w\" sizes=\"auto, (max-width: 720px) 100vw, 720px\" \/><figcaption class=\"wp-element-caption\">Transporte por ferrocarril<\/figcaption><\/figure> <\/figure>    <h2 class=\"wp-block-heading\"><strong><b><mark style=\"background-color:rgba(0, 0, 0, 0)\" class=\"has-inline-color has-green-color\">Nuestro control de calidad y servicio<\/mark> <\/b><\/strong><\/h2>    <p>Siempre buscamos la excelencia. Gracias a una fuerza laboral bien entrenada, un sistema de aseguramiento de calidad estricto, una gesti\u00f3n optimizada de todo el proceso de producci\u00f3n y sistemas de servicio postventa perfectos, nuestros productos y servicios son altamente valorados por clientes nacionales e internacionales. <\/p>    <p>Basados en el principio de orientaci\u00f3n a la calidad, buena reputaci\u00f3n y atenci\u00f3n al cliente, mantenemos la fe en crear productos de alta calidad en las industrias relevantes y lograr un gran rendimiento durante generaciones. Estamos muy dedicados a ofrecer productos de calidad premium y un servicio satisfactorio a todos los clientes, y esperamos una cooperaci\u00f3n sincera con ellos para un futuro brillante.&nbsp;<\/p>    <p>Nuestra empresa busca innovar en la pr\u00e1ctica y ofrecer una garant\u00eda confiable desde la producci\u00f3n hasta la venta. Nuestra declaraci\u00f3n de calidad se reduce a una sola palabra: compromiso, con la agricultura, los agricultores y los consumidores de productos, que nos esforzamos por cumplir cada d\u00eda.<\/p>    <h2 class=\"wp-block-heading\"><mark style=\"background-color:rgba(0, 0, 0, 0);color:#00d084\" class=\"has-inline-color\">As\u00f3ciate con Shuliy Group para un futuro m\u00e1s inteligente y eficiente.<\/mark><\/h2>    <p>Priorizamos la innovaci\u00f3n centrada en el cliente y la excelencia tecnol\u00f3gica, esforz\u00e1ndonos por ser un referente en maquinaria industrial global. Dondequiera que est\u00e9n sus operaciones, Shuliy Group ofrece soluciones profesionales, confiables y de alto rendimiento.<\/p>    <p>\u00a1Cont\u00e1ctanos para una propuesta personalizada!<\/p>    <figure class=\"wp-block-image aligncenter size-full\"><img loading=\"lazy\" decoding=\"async\" width=\"720\" height=\"540\" src=\"https:\/\/www.garlic-processing.com\/wp-content\/uploads\/2025\/07\/Cooperative-Clients.webp\" alt=\"Clientes cooperativos\" class=\"wp-image-2712\" title=\"\" srcset=\"https:\/\/garlic-processing.com\/wp-content\/uploads\/2025\/07\/Cooperative-Clients.webp 720w, https:\/\/garlic-processing.com\/wp-content\/uploads\/2025\/07\/Cooperative-Clients-300x225.webp 300w, https:\/\/garlic-processing.com\/wp-content\/uploads\/2025\/07\/Cooperative-Clients-16x12.webp 16w\" sizes=\"auto, (max-width: 720px) 100vw, 720px\" \/><figcaption class=\"wp-element-caption\">Clientes cooperativos<\/figcaption><\/figure>    <p><\/p>","protected":false},"excerpt":{"rendered":"<p>Our Company Location Zhengzhou Shuliy Machinery Co., Ltd., with over 20 years of experience in machinery manufacturing, is a well-established enterprise integrating research, development, design, manufacturing, and sales. Located in the Zhengzhou Economic and Technological Development Zone\u2014a vibrant commercial and industrial hub\u2014the company focuses mainly on the export of various machinery and equipment. Shuliy also [&hellip;]<\/p>\n","protected":false},"author":1,"featured_media":0,"parent":0,"menu_order":0,"comment_status":"closed","ping_status":"closed","template":"","meta":{"footnotes":""},"class_list":["post-6","page","type-page","status-publish","hentry"],"_links":{"self":[{"href":"https:\/\/garlic-processing.com\/es\/wp-json\/wp\/v2\/pages\/6","targetHints":{"allow":["GET"]}}],"collection":[{"href":"https:\/\/garlic-processing.com\/es\/wp-json\/wp\/v2\/pages"}],"about":[{"href":"https:\/\/garlic-processing.com\/es\/wp-json\/wp\/v2\/types\/page"}],"author":[{"embeddable":true,"href":"https:\/\/garlic-processing.com\/es\/wp-json\/wp\/v2\/users\/1"}],"replies":[{"embeddable":true,"href":"https:\/\/garlic-processing.com\/es\/wp-json\/wp\/v2\/comments?post=6"}],"version-history":[{"count":0,"href":"https:\/\/garlic-processing.com\/es\/wp-json\/wp\/v2\/pages\/6\/revisions"}],"wp:attachment":[{"href":"https:\/\/garlic-processing.com\/es\/wp-json\/wp\/v2\/media?parent=6"}],"curies":[{"name":"wp","href":"https:\/\/api.w.org\/{rel}","templated":true}]}}