{"id":8,"date":"2018-08-20T07:09:24","date_gmt":"2018-08-20T07:09:24","guid":{"rendered":"http:\/\/www.garlic-processing.com\/?page_id=8"},"modified":"2025-10-31T17:31:05","modified_gmt":"2025-10-31T09:31:05","slug":"contact-us","status":"publish","type":"page","link":"https:\/\/garlic-processing.com\/es\/contact-us\/","title":{"rendered":"Cont\u00e1ctenos"},"content":{"rendered":"<div class=\"col-md-6\"><img decoding=\"async\" src=\"https:\/\/garlic-processing.com\/wp-content\/uploads\/2018\/09\/company-1.jpg\" alt=\"\u8212\u5229\" title=\"\"><\/div> <div>\u00a0<\/div> <h2 class=\"col-md-6\">Zhengzhou Shuliy Machinery Co., Ltd.<\/h2> <div>\u00a0<\/div> <div class=\"col-md-6\"><strong>Correo electr\u00f3nico: info@garlic-processing.com<\/strong><\/div> <div>\u00a0<\/div> <div><strong><strong>WhatsApp\/Tel\u00e9fono: <a href=\"https:\/\/wa.me\/+8619139761487\" target=\"_blank\" rel=\"noopener\">+86 19139761487. <\/a><\/strong><\/strong><strong><strong>Puedes hacer clic en este enlace de WhatsApp para chatear con nosotros directamente y obtener una consulta instant\u00e1nea.<a href=\"https:\/\/wa.me\/+8619139761487\" target=\"_blank\" rel=\"noopener\"><br \/><\/a><\/strong><\/strong><\/div> <div>\u00a0<\/div> <div class=\"col-md-6\"><strong>Direcci\u00f3n: Nautical Road East, Zona de Desarrollo Econ\u00f3mico de Zhengzhou, Henan, China.<\/strong><\/div> <div>\u00a0<\/div> <div class=\"col-md-6\"><strong>Por favor cont\u00e1ctenos para cualquier consulta, aclaraci\u00f3n o para procesar su pedido.<\/strong><\/div> <div>\u00a0<\/div> <div class=\"col-md-6\"><strong>Gracias por su inter\u00e9s en Zhengzhou Shuliy Machinery Co., Ltd. No dude en enviarnos la informaci\u00f3n de su consulta. Nuestro responsable de ventas se pondr\u00e1 en contacto con usted lo antes posible.<\/strong><\/div>   <p><\/p>","protected":false},"excerpt":{"rendered":"<p>\u00a0 Zhengzhou Shuliy Machinery Co., Ltd \u00a0 Email: info@garlic-processing.com \u00a0 WhatsApp\/Tel: +86 19139761487. You can click this WhatsApp link to chat with us directly and get instant consultation. \u00a0 Address: Nautical Road East, Zhengzhou Economic Development Zone, Henan, China. \u00a0 Please contact us for any inquiry, clarification or to process your order. \u00a0 Thank you [&hellip;]<\/p>\n","protected":false},"author":1,"featured_media":0,"parent":0,"menu_order":0,"comment_status":"closed","ping_status":"closed","template":"","meta":{"footnotes":""},"class_list":["post-8","page","type-page","status-publish","hentry"],"_links":{"self":[{"href":"https:\/\/garlic-processing.com\/es\/wp-json\/wp\/v2\/pages\/8","targetHints":{"allow":["GET"]}}],"collection":[{"href":"https:\/\/garlic-processing.com\/es\/wp-json\/wp\/v2\/pages"}],"about":[{"href":"https:\/\/garlic-processing.com\/es\/wp-json\/wp\/v2\/types\/page"}],"author":[{"embeddable":true,"href":"https:\/\/garlic-processing.com\/es\/wp-json\/wp\/v2\/users\/1"}],"replies":[{"embeddable":true,"href":"https:\/\/garlic-processing.com\/es\/wp-json\/wp\/v2\/comments?post=8"}],"version-history":[{"count":0,"href":"https:\/\/garlic-processing.com\/es\/wp-json\/wp\/v2\/pages\/8\/revisions"}],"wp:attachment":[{"href":"https:\/\/garlic-processing.com\/es\/wp-json\/wp\/v2\/media?parent=8"}],"curies":[{"name":"wp","href":"https:\/\/api.w.org\/{rel}","templated":true}]}}