{"id":1403,"date":"2022-03-10T06:04:29","date_gmt":"2022-03-10T06:04:29","guid":{"rendered":"https:\/\/www.garlic-processing.com\/?page_id=1403"},"modified":"2022-03-10T06:04:29","modified_gmt":"2022-03-10T06:04:29","slug":"1403-2","status":"publish","type":"page","link":"https:\/\/garlic-processing.com\/fr\/1403-2\/","title":{"rendered":"Machines \u00e0 ail"},"content":{"rendered":"<div class=\"wp-block-kadence-rowlayout alignnone\"><div id=\"kt-layout-id_769d6b-8a\" class=\"kt-row-layout-inner kt-row-has-bg kt-layout-id_769d6b-8a\"><div class=\"kt-row-column-wrap kt-has-1-columns kt-gutter-default kt-v-gutter-default kt-row-valign-middle kt-row-layout-equal kt-tab-layout-inherit kt-m-colapse-left-to-right kt-mobile-layout-row\"> <div class=\"wp-block-kadence-column inner-column-1 kadence-column_4e6022-e6\"><div class=\"kt-inside-inner-col\"><\/div><\/div> <\/div><\/div><\/div>    <div class=\"wp-block-kadence-rowlayout alignnone\"><div id=\"kt-layout-id_0cd443-77\" class=\"kt-row-layout-inner kt-layout-id_0cd443-77\"><div class=\"kt-row-column-wrap kt-has-1-columns kt-gutter-default kt-v-gutter-default kt-row-valign-top kt-row-layout-equal kt-tab-layout-inherit kt-m-colapse-left-to-right kt-mobile-layout-row kb-theme-content-width\"> <div class=\"wp-block-kadence-column inner-column-1 kadence-column_8aa489-70\"><div class=\"kt-inside-inner-col\"> <h2 class=\"kt-adv-heading_99c22b-463 wp-block-kadence-advancedheading\" data-kb-block=\"kb-adv-heading_99c22b-463\">Centre de produits<\/h2>   <\/div><\/div> <\/div><\/div><\/div>    <div class=\"wp-block-kadence-rowlayout alignnone\"><div id=\"kt-layout-id_76b199-8e\" class=\"kt-row-layout-inner kt-layout-id_76b199-8e\"><div class=\"kt-row-column-wrap kt-has-1-columns kt-gutter-default kt-v-gutter-default kt-row-valign-top kt-row-layout-equal kt-tab-layout-inherit kt-m-colapse-left-to-right kt-mobile-layout-row kb-theme-content-width\"> <div class=\"wp-block-kadence-column inner-column-1 kadence-column_19e8cd-72\"><div class=\"kt-inside-inner-col\"> <h2 class=\"kt-adv-heading_cba0cd-95 wp-block-kadence-advancedheading\" data-kb-block=\"kb-adv-heading_cba0cd-95\">  Informations sur l'actualit\u00e9<\/h2>   <\/div><\/div> <\/div><\/div><\/div>    <div class=\"wp-block-kadence-rowlayout alignnone\"><div id=\"kt-layout-id_c55897-47\" class=\"kt-row-layout-inner kt-layout-id_c55897-47\"><div class=\"kt-row-column-wrap kt-has-1-columns kt-gutter-default kt-v-gutter-default kt-row-valign-top kt-row-layout-equal kt-tab-layout-inherit kt-m-colapse-left-to-right kt-mobile-layout-row\"> <div class=\"wp-block-kadence-column inner-column-1 kadence-column_0a86cd-8c\"><div class=\"kt-inside-inner-col\"> <h2 class=\"kt-adv-heading_88169b-cc wp-block-kadence-advancedheading\" data-kb-block=\"kb-adv-heading_88169b-cc\">Concept de services<\/h2>    <p><\/p> <\/div><\/div> <\/div><\/div><\/div>    <div class=\"wp-block-kadence-rowlayout alignnone\"><div id=\"kt-layout-id_6a3b0f-d6\" class=\"kt-row-layout-inner kt-layout-id_6a3b0f-d6\"><div class=\"kt-row-column-wrap kt-has-1-columns kt-gutter-default kt-v-gutter-default kt-row-valign-top kt-row-layout-equal kt-tab-layout-inherit kt-m-colapse-left-to-right kt-mobile-layout-row kb-theme-content-width\"> <div class=\"wp-block-kadence-column inner-column-1 kadence-column_4ce567-c4\"><div class=\"kt-inside-inner-col\"> <div class=\"wp-block-kadence-rowlayout alignnone\"><div id=\"kt-layout-id_3fff75-10\" class=\"kt-row-layout-inner kt-layout-id_3fff75-10\"><div class=\"kt-row-column-wrap kt-has-2-columns kt-gutter-widest kt-v-gutter-default kt-row-valign-middle kt-row-layout-equal kt-tab-layout-inherit kt-m-colapse-left-to-right kt-mobile-layout-row kb-theme-content-width\"> <div class=\"wp-block-kadence-column inner-column-1 kadence-column_1fb1f9-a4\"><div class=\"kt-inside-inner-col\"> <p class=\"kt-adv-heading_86b3f5-72 wp-block-kadence-advancedheading\" data-kb-block=\"kb-adv-heading_86b3f5-72\"><meta charset=\"utf-8\">Zhengzhou Shuliy Machinery Co., Ltd est une entreprise bien connue qui int\u00e8gre la recherche scientifique, le d\u00e9veloppement, la conception, la fabrication et la vente dans son ensemble. Il est situ\u00e9 dans la zone de d\u00e9veloppement \u00e9conomique et technologique de Zhengzhou, qui est un centre commercial et \u00e9conomique, principalement engag\u00e9 dans l'importation et l'exportation d'\u00e9quipements m\u00e9caniques. Ici, c'est plus de 300 collaborateurs motiv\u00e9s par le plaisir de travailler en famille. Nos principaux produits comprennent une r\u00e9colteuse d'ail, une machine \u00e0 enlever les racines, une machine de classement, une machine \u00e0 \u00e9plucher, une trancheuse, une rectifieuse, etc. Ces derni\u00e8res ann\u00e9es, nos produits ont joui d'une grande popularit\u00e9 dans un grand nombre de pays et de r\u00e9gions.<\/p>    <div class=\"wp-block-kadence-advancedbtn kt-btn-align-left kt-btn-tablet-align-inherit kt-btn-mobile-align-inherit kt-btns-wrap kt-btns_bd27d4-7d\"><div class=\"kt-btn-wrap kt-btn-wrap-0\"><a class=\"kt-button button kt-btn-0-action kt-btn-size-large kt-btn-style-basic kt-btn-svg-show-always kt-btn-has-text-true kt-btn-has-svg-true\" href=\"https:\/\/garlic-processing.com\/fr\/contact-us\/\"><span class=\"kt-btn-inner-text\">Contactez-nous<\/span><div style=\"display:inline-flex;justify-content:center;align-items:center\" class=\"kt-btn-svg-icon kt-btn-svg-icon-fe_arrowRight kt-btn-side-right\"><svg style=\"display:inline-block;vertical-align:middle\" viewbox=\"0 0 24 24\" height=\"1em\" width=\"1em\" fill=\"none\" stroke=\"currentColor\" xmlns=\"http:\/\/www.w3.org\/2000\/svg\" stroke-width=\"2\" stroke-linecap=\"round\" stroke-linejoin=\"round\"><line x1=\"5\" y1=\"12\" x2=\"19\" y2=\"12\"><\/line><polyline points=\"12 5 19 12 12 19\"><\/polyline><\/svg><\/div><\/a><\/div><\/div> <\/div><\/div>    <div class=\"wp-block-kadence-column inner-column-2 kadence-column_14ea67-0c\"><div class=\"kt-inside-inner-col\"> <figure class=\"wp-block-image size-full\"><img loading=\"lazy\" decoding=\"async\" width=\"750\" height=\"419\" src=\"https:\/\/garlic-processing.com\/wp-content\/uploads\/2018\/08\/9.jpg\" alt=\"\" class=\"wp-image-95\" title=\"\" srcset=\"https:\/\/garlic-processing.com\/wp-content\/uploads\/2018\/08\/9.jpg 750w, https:\/\/garlic-processing.com\/wp-content\/uploads\/2018\/08\/9-300x168.jpg 300w\" sizes=\"auto, (max-width: 750px) 100vw, 750px\" \/><\/figure> <\/div><\/div> <\/div><\/div><\/div> <\/div><\/div> <\/div><\/div><\/div>    <div class=\"wp-block-kadence-rowlayout alignnone\"><div id=\"kt-layout-id_ec92aa-f8\" class=\"kt-row-layout-inner kt-layout-id_ec92aa-f8\"><div class=\"kt-row-column-wrap kt-has-3-columns kt-gutter-skinny kt-v-gutter-default kt-row-valign-top kt-row-layout-equal kt-tab-layout-inherit kt-m-colapse-left-to-right kt-mobile-layout-row kb-theme-content-width\"> <div class=\"wp-block-kadence-column inner-column-1 kadence-column_c21e1e-fd\"><div class=\"kt-inside-inner-col\"> <div id=\"kt-info-box_1de3f0-00\" class=\"wp-block-kadence-infobox\"><div class=\"kt-blocks-info-box-link-wrap kt-blocks-info-box-media-align-left kt-info-halign-left\"><div class=\"kt-blocks-info-box-media-container\"><div class=\"kt-blocks-info-box-media kt-info-media-animate-none\"><div class=\"kadence-info-box-icon-container kt-info-icon-animate-none\"><div class=\"kadence-info-box-icon-inner-container\"><span style=\"display:block;justify-content:center;align-items:center\" class=\"kt-info-svg-icon kt-info-svg-icon-fe_user\"><svg style=\"display:inline-block;vertical-align:middle\" viewbox=\"0 0 24 24\" height=\"50\" width=\"50\" fill=\"none\" stroke=\"currentColor\" xmlns=\"http:\/\/www.w3.org\/2000\/svg\" stroke-width=\"2\" stroke-linecap=\"round\" stroke-linejoin=\"round\" aria-hidden=\"true\"><path d=\"M20 21v-2a4 4 0 0 0-4-4H8a4 4 0 0 0-4 4v2\"><\/path><circle cx=\"12\" cy=\"7\" r=\"4\"><\/circle><\/svg><\/span><\/div><\/div><\/div><\/div><div class=\"kt-infobox-textcontent\"><h5 class=\"kt-blocks-info-box-title\"><meta charset=\"utf-8\"\/>Six services majeurs<\/h5><p class=\"kt-blocks-info-box-text\">Du conseil \u00e0 l'installation, en passant par la mise en service et la maintenance de chaque lien, nous vous fournissons un service complet et r\u00e9fl\u00e9chi, pour l'utilisateur dans tout le processus d'utilisation du produit afin de fournir la garantie de service la plus puissante\u2026<\/p><\/div><\/div><\/div> <\/div><\/div>    <div class=\"wp-block-kadence-column inner-column-2 kadence-column_c46418-b7\"><div class=\"kt-inside-inner-col\"> <div id=\"kt-info-box_08083e-bc\" class=\"wp-block-kadence-infobox\"><div class=\"kt-blocks-info-box-link-wrap kt-blocks-info-box-media-align-left kt-info-halign-left\"><div class=\"kt-blocks-info-box-media-container\"><div class=\"kt-blocks-info-box-media kt-info-media-animate-none\"><div class=\"kadence-info-box-icon-container kt-info-icon-animate-none\"><div class=\"kadence-info-box-icon-inner-container\"><span style=\"display:block;justify-content:center;align-items:center\" class=\"kt-info-svg-icon kt-info-svg-icon-fe_thumbsUp\"><svg style=\"display:inline-block;vertical-align:middle\" viewbox=\"0 0 24 24\" height=\"50\" width=\"50\" fill=\"none\" stroke=\"currentColor\" xmlns=\"http:\/\/www.w3.org\/2000\/svg\" stroke-width=\"2\" stroke-linecap=\"round\" stroke-linejoin=\"round\" aria-hidden=\"true\"><path d=\"M14 9V5a3 3 0 0 0-3-3l-4 9v11h11.28a2 2 0 0 0 2-1.7l1.38-9a2 2 0 0 0-2-2.3zM7 22H4a2 2 0 0 1-2-2v-7a2 2 0 0 1 2-2h3\"><\/path><\/svg><\/span><\/div><\/div><\/div><\/div><div class=\"kt-infobox-textcontent\"><h5 class=\"kt-blocks-info-box-title\"><meta charset=\"utf-8\"\/>Quatre avantages majeurs<\/h5><p class=\"kt-blocks-info-box-text\">Innovation et d\u00e9veloppement de Shuliy Machinery, l'entreprise dans son ensemble gr\u00e2ce \u00e0 la certification du syst\u00e8me de gestion de la qualit\u00e9, \u00e9quip\u00e9e d'un ensemble complet d'\u00e9quipements avanc\u00e9s de conception, de production, de traitement, d'assemblage et de test\u2026<\/p><\/div><\/div><\/div> <\/div><\/div>    <div class=\"wp-block-kadence-column inner-column-3 kadence-column_a95853-e5\"><div class=\"kt-inside-inner-col\"> <div id=\"kt-info-box_7c1af0-11\" class=\"wp-block-kadence-infobox\"><div class=\"kt-blocks-info-box-link-wrap kt-blocks-info-box-media-align-left kt-info-halign-left\"><div class=\"kt-blocks-info-box-media-container\"><div class=\"kt-blocks-info-box-media kt-info-media-animate-none\"><div class=\"kadence-info-box-icon-container kt-info-icon-animate-none\"><div class=\"kadence-info-box-icon-inner-container\"><span style=\"display:block;justify-content:center;align-items:center\" class=\"kt-info-svg-icon kt-info-svg-icon-fas_key\"><svg style=\"display:inline-block;vertical-align:middle\" viewbox=\"0 0 512 512\" height=\"50\" width=\"50\" fill=\"currentColor\" xmlns=\"http:\/\/www.w3.org\/2000\/svg\" aria-hidden=\"true\"><path d=\"M512 176.001C512 273.203 433.202 352 336 352c-11.22 0-22.19-1.062-32.827-3.069l-24.012 27.014A23.999 23.999 0 0 1 261.223 384H224v40c0 13.255-10.745 24-24 24h-40v40c0 13.255-10.745 24-24 24H24c-13.255 0-24-10.745-24-24v-78.059c0-6.365 2.529-12.47 7.029-16.971l161.802-161.802C163.108 213.814 160 195.271 160 176 160 78.798 238.797.001 335.999 0 433.488-.001 512 78.511 512 176.001zM336 128c0 26.51 21.49 48 48 48s48-21.49 48-48-21.49-48-48-48-48 21.49-48 48z\"><\/path><\/svg><\/span><\/div><\/div><\/div><\/div><div class=\"kt-infobox-textcontent\"><h5 class=\"kt-blocks-info-box-title\"><meta charset=\"utf-8\"\/>Deux garanties majeures<\/h5><p class=\"kt-blocks-info-box-text\">Conception scientifique et rationnelle, construction standardis\u00e9e, syst\u00e8me de supervision complet, garantie compl\u00e8te que la conception et l'installation du syst\u00e8me \u00e0 chaque \u00e9tape sont pr\u00e9cises, refl\u00e8te pleinement l'industrie \u00ab \u00e9quipement en trois parties, installation en sept parties \u00bb\u2026<\/p><\/div><\/div><\/div> <\/div><\/div> <\/div><\/div><\/div>","protected":false},"excerpt":{"rendered":"","protected":false},"author":1,"featured_media":0,"parent":0,"menu_order":0,"comment_status":"closed","ping_status":"closed","template":"","meta":{"footnotes":""},"class_list":["post-1403","page","type-page","status-publish","hentry"],"_links":{"self":[{"href":"https:\/\/garlic-processing.com\/fr\/wp-json\/wp\/v2\/pages\/1403","targetHints":{"allow":["GET"]}}],"collection":[{"href":"https:\/\/garlic-processing.com\/fr\/wp-json\/wp\/v2\/pages"}],"about":[{"href":"https:\/\/garlic-processing.com\/fr\/wp-json\/wp\/v2\/types\/page"}],"author":[{"embeddable":true,"href":"https:\/\/garlic-processing.com\/fr\/wp-json\/wp\/v2\/users\/1"}],"replies":[{"embeddable":true,"href":"https:\/\/garlic-processing.com\/fr\/wp-json\/wp\/v2\/comments?post=1403"}],"version-history":[{"count":0,"href":"https:\/\/garlic-processing.com\/fr\/wp-json\/wp\/v2\/pages\/1403\/revisions"}],"wp:attachment":[{"href":"https:\/\/garlic-processing.com\/fr\/wp-json\/wp\/v2\/media?parent=1403"}],"curies":[{"name":"wp","href":"https:\/\/api.w.org\/{rel}","templated":true}]}}