{"id":6,"date":"2018-08-20T07:08:50","date_gmt":"2018-08-20T07:08:50","guid":{"rendered":"http:\/\/www.garlic-processing.com\/?page_id=6"},"modified":"2025-11-27T14:31:02","modified_gmt":"2025-11-27T06:31:02","slug":"about-us","status":"publish","type":"page","link":"https:\/\/garlic-processing.com\/fr\/about-us\/","title":{"rendered":"\u00c0 propos de nous"},"content":{"rendered":"<div class=\"wp-block-columns is-layout-flex wp-container-core-columns-is-layout-9d6595d7 wp-block-columns-is-layout-flex\"> <div class=\"wp-block-column is-vertically-aligned-top is-layout-flow wp-block-column-is-layout-flow\"> <h2 class=\"wp-block-heading\"><strong><mark style=\"background-color:rgba(0, 0, 0, 0)\" class=\"has-inline-color has-green-color\">Localisation de notre entreprise <\/mark><\/strong><\/h2>    <p class=\"translation-block\"><strong>Zhengzhou Shuliy Machinery Co., Ltd.<\/strong>, avec plus de 20 ans d'exp\u00e9rience dans la fabrication de machines, est une entreprise bien \u00e9tablie int\u00e9grant la recherche, le d\u00e9veloppement, la conception, la fabrication et la vente. Situ\u00e9e dans la zone de d\u00e9veloppement \u00e9conomique et technologique de Zhengzhou \u2014 un centre commercial et industriel dynamique \u2014 l'entreprise se concentre principalement sur l'exportation de diverses machines et \u00e9quipements.<\/p>    <p class=\"translation-block\">Shuliy exploite \u00e9galement sa filiale <strong>Taizy<\/strong>, qui se sp\u00e9cialise dans la machinerie de transformation alimentaire et les solutions de production personnalis\u00e9es, renfor\u00e7ant ainsi les capacit\u00e9s de service globales de l'entreprise et sa comp\u00e9titivit\u00e9 sur le march\u00e9.<\/p>    <p class=\"translation-block\"><em><strong><mark class=\"has-inline-color has-green-color\">Adresse d\u00e9taill\u00e9e :<\/mark><\/strong> <\/em>\u00a0<em><strong>No.1394, route Est Hanghai, zone de d\u00e9veloppement \u00e9conomique et technologique, Zhengzhou, Chine<\/strong><\/em><\/p>    <figure class=\"wp-block-gallery has-nested-images columns-default is-cropped wp-block-gallery-2 is-layout-flex wp-block-gallery-is-layout-flex\"> <figure class=\"wp-block-image size-large\"><img loading=\"lazy\" decoding=\"async\" width=\"1024\" height=\"536\" data-id=\"1526\" src=\"https:\/\/www.garlic-processing.com\/wp-content\/uploads\/2022\/03\/shuliy-machinery-factory-1024x536.jpg\" alt=\"\" class=\"wp-image-1526\" title=\"\" srcset=\"https:\/\/garlic-processing.com\/wp-content\/uploads\/2022\/03\/shuliy-machinery-factory-1024x536.jpg 1024w, https:\/\/garlic-processing.com\/wp-content\/uploads\/2022\/03\/shuliy-machinery-factory-300x157.jpg 300w, https:\/\/garlic-processing.com\/wp-content\/uploads\/2022\/03\/shuliy-machinery-factory-768x402.jpg 768w, https:\/\/garlic-processing.com\/wp-content\/uploads\/2022\/03\/shuliy-machinery-factory.jpg 1352w\" sizes=\"auto, (max-width: 1024px) 100vw, 1024px\" \/><\/figure>    <figure class=\"wp-block-image size-large\"><img loading=\"lazy\" decoding=\"async\" width=\"800\" height=\"533\" data-id=\"306\" src=\"https:\/\/www.garlic-processing.com\/wp-content\/uploads\/2018\/09\/company-1.jpg\" alt=\"\" class=\"wp-image-306\" title=\"\" srcset=\"https:\/\/garlic-processing.com\/wp-content\/uploads\/2018\/09\/company-1.jpg 800w, https:\/\/garlic-processing.com\/wp-content\/uploads\/2018\/09\/company-1-300x200.jpg 300w, https:\/\/garlic-processing.com\/wp-content\/uploads\/2018\/09\/company-1-768x512.jpg 768w\" sizes=\"auto, (max-width: 800px) 100vw, 800px\" \/><\/figure> <\/figure> <\/div> <\/div>    <h2 class=\"wp-block-heading\"><strong><b><mark style=\"background-color:rgba(0, 0, 0, 0)\" class=\"has-inline-color has-green-color\">Nos principaux produits et march\u00e9s<\/mark><\/b><\/strong><\/h2>    <p class=\"translation-block\">Nos principaux produits incluent le <strong><a href=\"https:\/\/garlic-processing.com\/fr\/garlic-separator-machine.html\/\">s\u00e9parateur de gousses d'ail<\/a><\/strong>, machine d'\u00e9pluchage de l'ail, machine de tranchage de l'ail, <strong><a href=\"https:\/\/garlic-processing.com\/fr\/garlic-grinder-stainless-steel-grinding-machine.html\/\">machine de broyage d'ail<\/a><\/strong>, machine de s\u00e9chage de l'ail, machine \u00e0 p\u00e2te d'ail, machine d'emballage de poudre d'ail, et plus encore. Ces derni\u00e8res ann\u00e9es, nos produits ont connu une grande popularit\u00e9 sur les march\u00e9s africains et d'Asie du Sud-Est, comme la Serbie, la R\u00e9publique tch\u00e8que, la Malaisie, Singapour, la Tha\u00eflande, la Pologne, les \u00c9tats-Unis, la France, l'Arabie saoudite, la C\u00f4te d'Ivoire, le P\u00e9rou, l'Italie, la Hongrie, la Jama\u00efque, etc.<\/p>    <figure class=\"wp-block-image aligncenter size-full\"><img loading=\"lazy\" decoding=\"async\" width=\"720\" height=\"540\" src=\"https:\/\/www.garlic-processing.com\/wp-content\/uploads\/2025\/11\/Market-distribution.webp\" alt=\"Distribution sur le march\u00e9\" class=\"wp-image-2929\" title=\"\" srcset=\"https:\/\/garlic-processing.com\/wp-content\/uploads\/2025\/11\/Market-distribution.webp 720w, https:\/\/garlic-processing.com\/wp-content\/uploads\/2025\/11\/Market-distribution-300x225.webp 300w, https:\/\/garlic-processing.com\/wp-content\/uploads\/2025\/11\/Market-distribution-16x12.webp 16w\" sizes=\"auto, (max-width: 720px) 100vw, 720px\" \/><figcaption class=\"wp-element-caption\">Distribution sur le march\u00e9<\/figcaption><\/figure>    <h2 class=\"wp-block-heading\"><mark style=\"background-color:rgba(0, 0, 0, 0)\" class=\"has-inline-color has-green-color\">Nos forces principales<\/mark><\/h2>    <h3 class=\"wp-block-heading\"><mark style=\"background-color:rgba(0, 0, 0, 0)\" class=\"has-inline-color has-green-color\">Solutions d'\u00e9quipement industriel de bout en bout<\/mark><\/h3>    <ul class=\"wp-block-list\"> <li>Des machines autonomes aux lignes de production compl\u00e8tes, nous proposons une conception personnalis\u00e9e, la fabrication, l'installation et un support apr\u00e8s-vente pour assurer une ex\u00e9cution de projet sans faille.<\/li>    <li>Une exp\u00e9rience approfondie dans les projets gouvernementaux (par exemple, appels d'offres du gouvernement nig\u00e9rian) nous assure de r\u00e9pondre aux demandes industrielles \u00e0 grande \u00e9chelle.<\/li> <\/ul>    <h3 class=\"wp-block-heading\"><strong><mark style=\"background-color:rgba(0, 0, 0, 0)\" class=\"has-inline-color has-green-color\">Assurance qualit\u00e9 rigoureuse<\/mark><\/strong><\/h3>    <ul class=\"wp-block-list\"> <li>Certifi\u00e9 ISO9001, CE, et d'autres normes internationales, garantissant la conformit\u00e9 aux exigences du march\u00e9 mondial.<\/li>    <li>Une ing\u00e9nierie de pr\u00e9cision et un contr\u00f4le qualit\u00e9 strict garantissent une fiabilit\u00e9 et des performances \u00e0 long terme.<\/li> <\/ul>    <figure class=\"wp-block-image aligncenter size-full\"><img loading=\"lazy\" decoding=\"async\" width=\"519\" height=\"720\" src=\"https:\/\/www.garlic-processing.com\/wp-content\/uploads\/2025\/11\/ISO9001.webp\" alt=\"ISO9001\" class=\"wp-image-2921\" title=\"\" srcset=\"https:\/\/garlic-processing.com\/wp-content\/uploads\/2025\/11\/ISO9001.webp 519w, https:\/\/garlic-processing.com\/wp-content\/uploads\/2025\/11\/ISO9001-216x300.webp 216w, https:\/\/garlic-processing.com\/wp-content\/uploads\/2025\/11\/ISO9001-9x12.webp 9w\" sizes=\"auto, (max-width: 519px) 100vw, 519px\" \/><figcaption class=\"wp-element-caption\">ISO9001<\/figcaption><\/figure>    <h3 class=\"wp-block-heading\"><strong><mark style=\"background-color:rgba(0, 0, 0, 0)\" class=\"has-inline-color has-green-color\">R\u00e9seau de services mondial<\/mark><\/strong><\/h3>    <ul class=\"wp-block-list\"> <li>Support technique 24\/7 pour une r\u00e9ponse rapide et la r\u00e9solution de probl\u00e8mes.<\/li>    <li>Strat\u00e9giquement bas\u00e9 \u00e0 Zhengzhou, en Chine \u2014 un hub logistique mondial \u2014 permettant des solutions de fret terrestre, a\u00e9rien et maritime rentables pour minimiser les co\u00fbts de la cha\u00eene d'approvisionnement.<\/li> <\/ul>    <figure class=\"wp-block-gallery has-nested-images columns-default is-cropped wp-block-gallery-3 is-layout-flex wp-block-gallery-is-layout-flex\"> <figure class=\"wp-block-image size-large\"><img loading=\"lazy\" decoding=\"async\" width=\"720\" height=\"540\" data-id=\"2933\" src=\"https:\/\/www.garlic-processing.com\/wp-content\/uploads\/2025\/11\/Air-Freight.webp\" alt=\"Fret a\u00e9rien\" class=\"wp-image-2933\" title=\"\" srcset=\"https:\/\/garlic-processing.com\/wp-content\/uploads\/2025\/11\/Air-Freight.webp 720w, https:\/\/garlic-processing.com\/wp-content\/uploads\/2025\/11\/Air-Freight-300x225.webp 300w, https:\/\/garlic-processing.com\/wp-content\/uploads\/2025\/11\/Air-Freight-16x12.webp 16w\" sizes=\"auto, (max-width: 720px) 100vw, 720px\" \/><figcaption class=\"wp-element-caption\">Fret a\u00e9rien<\/figcaption><\/figure>    <figure class=\"wp-block-image size-large\"><img loading=\"lazy\" decoding=\"async\" width=\"720\" height=\"540\" data-id=\"2935\" src=\"https:\/\/www.garlic-processing.com\/wp-content\/uploads\/2025\/11\/Sea-Freight.webp\" alt=\"Fret maritime\" class=\"wp-image-2935\" title=\"\" srcset=\"https:\/\/garlic-processing.com\/wp-content\/uploads\/2025\/11\/Sea-Freight.webp 720w, https:\/\/garlic-processing.com\/wp-content\/uploads\/2025\/11\/Sea-Freight-300x225.webp 300w, https:\/\/garlic-processing.com\/wp-content\/uploads\/2025\/11\/Sea-Freight-16x12.webp 16w\" sizes=\"auto, (max-width: 720px) 100vw, 720px\" \/><figcaption class=\"wp-element-caption\">Fret maritime<\/figcaption><\/figure>    <figure class=\"wp-block-image size-large\"><img loading=\"lazy\" decoding=\"async\" width=\"720\" height=\"540\" data-id=\"2934\" src=\"https:\/\/www.garlic-processing.com\/wp-content\/uploads\/2025\/11\/Rail-Freight.webp\" alt=\"Fret ferroviaire\" class=\"wp-image-2934\" title=\"\" srcset=\"https:\/\/garlic-processing.com\/wp-content\/uploads\/2025\/11\/Rail-Freight.webp 720w, https:\/\/garlic-processing.com\/wp-content\/uploads\/2025\/11\/Rail-Freight-300x225.webp 300w, https:\/\/garlic-processing.com\/wp-content\/uploads\/2025\/11\/Rail-Freight-16x12.webp 16w\" sizes=\"auto, (max-width: 720px) 100vw, 720px\" \/><figcaption class=\"wp-element-caption\">Fret ferroviaire<\/figcaption><\/figure> <\/figure>    <h2 class=\"wp-block-heading\"><strong><b><mark style=\"background-color:rgba(0, 0, 0, 0)\" class=\"has-inline-color has-green-color\">Notre contr\u00f4le qualit\u00e9 et notre service<\/mark> <\/b><\/strong><\/h2>    <p>Nous visons toujours l'excellence. Gr\u00e2ce \u00e0 une main-d'\u0153uvre bien form\u00e9e, un syst\u00e8me strict d'assurance qualit\u00e9, une gestion optimis\u00e9e de l'ensemble du processus de production, et des syst\u00e8mes de service apr\u00e8s-vente parfaits, nos produits et services sont tr\u00e8s appr\u00e9ci\u00e9s par les clients nationaux et internationaux. <\/p>    <p>Bas\u00e9s sur le principe de qualit\u00e9, de bonne r\u00e9putation et de priorit\u00e9 au client, nous croyons en la cr\u00e9ation de produits de haute qualit\u00e9 dans les industries concern\u00e9es et en la r\u00e9alisation de grandes performances pour les g\u00e9n\u00e9rations. Nous sommes fortement engag\u00e9s \u00e0 fournir des produits de qualit\u00e9 sup\u00e9rieure et un service satisfaisant \u00e0 tous nos clients, et nous esp\u00e9rons une coop\u00e9ration sinc\u00e8re pour un avenir brillant.&nbsp;<\/p>    <p>Notre entreprise vise \u00e0 innover dans la pratique et \u00e0 fournir une garantie fiable, de la production \u00e0 la vente. Notre d\u00e9claration de qualit\u00e9 se r\u00e9sume \u00e0 un seul mot \u2014 engagement \u2014 envers l'agriculture, les agriculteurs et les consommateurs de produits, que nous nous effor\u00e7ons de respecter chaque jour.<\/p>    <h2 class=\"wp-block-heading\"><mark style=\"background-color:rgba(0, 0, 0, 0);color:#00d084\" class=\"has-inline-color\">Partenaire avec le groupe Shuliy pour un avenir plus intelligent et plus efficace.<\/mark><\/h2>    <p>Nous privil\u00e9gions l'innovation centr\u00e9e sur le client et l'excellence technologique, en aspirant \u00e0 \u00eatre une r\u00e9f\u00e9rence dans la machinerie industrielle mondiale. O\u00f9 que soient vos op\u00e9rations, Shuliy Group fournit des solutions professionnelles, fiables et performantes.<\/p>    <p>Contactez-nous pour une proposition personnalis\u00e9e !<\/p>    <figure class=\"wp-block-image aligncenter size-full\"><img loading=\"lazy\" decoding=\"async\" width=\"720\" height=\"540\" src=\"https:\/\/www.garlic-processing.com\/wp-content\/uploads\/2025\/07\/Cooperative-Clients.webp\" alt=\"18 articles\" class=\"wp-image-2712\" title=\"\" srcset=\"https:\/\/garlic-processing.com\/wp-content\/uploads\/2025\/07\/Cooperative-Clients.webp 720w, https:\/\/garlic-processing.com\/wp-content\/uploads\/2025\/07\/Cooperative-Clients-300x225.webp 300w, https:\/\/garlic-processing.com\/wp-content\/uploads\/2025\/07\/Cooperative-Clients-16x12.webp 16w\" sizes=\"auto, (max-width: 720px) 100vw, 720px\" \/><figcaption class=\"wp-element-caption\">18 articles<\/figcaption><\/figure>    <p><\/p>","protected":false},"excerpt":{"rendered":"<p>Our Company Location Zhengzhou Shuliy Machinery Co., Ltd., with over 20 years of experience in machinery manufacturing, is a well-established enterprise integrating research, development, design, manufacturing, and sales. Located in the Zhengzhou Economic and Technological Development Zone\u2014a vibrant commercial and industrial hub\u2014the company focuses mainly on the export of various machinery and equipment. Shuliy also [&hellip;]<\/p>\n","protected":false},"author":1,"featured_media":0,"parent":0,"menu_order":0,"comment_status":"closed","ping_status":"closed","template":"","meta":{"footnotes":""},"class_list":["post-6","page","type-page","status-publish","hentry"],"_links":{"self":[{"href":"https:\/\/garlic-processing.com\/fr\/wp-json\/wp\/v2\/pages\/6","targetHints":{"allow":["GET"]}}],"collection":[{"href":"https:\/\/garlic-processing.com\/fr\/wp-json\/wp\/v2\/pages"}],"about":[{"href":"https:\/\/garlic-processing.com\/fr\/wp-json\/wp\/v2\/types\/page"}],"author":[{"embeddable":true,"href":"https:\/\/garlic-processing.com\/fr\/wp-json\/wp\/v2\/users\/1"}],"replies":[{"embeddable":true,"href":"https:\/\/garlic-processing.com\/fr\/wp-json\/wp\/v2\/comments?post=6"}],"version-history":[{"count":0,"href":"https:\/\/garlic-processing.com\/fr\/wp-json\/wp\/v2\/pages\/6\/revisions"}],"wp:attachment":[{"href":"https:\/\/garlic-processing.com\/fr\/wp-json\/wp\/v2\/media?parent=6"}],"curies":[{"name":"wp","href":"https:\/\/api.w.org\/{rel}","templated":true}]}}