{"id":8,"date":"2018-08-20T07:09:24","date_gmt":"2018-08-20T07:09:24","guid":{"rendered":"http:\/\/www.garlic-processing.com\/?page_id=8"},"modified":"2025-10-31T17:31:05","modified_gmt":"2025-10-31T09:31:05","slug":"contact-us","status":"publish","type":"page","link":"https:\/\/garlic-processing.com\/fr\/contact-us\/","title":{"rendered":"Contactez-nous"},"content":{"rendered":"<div class=\"col-md-6\"><img decoding=\"async\" src=\"https:\/\/garlic-processing.com\/wp-content\/uploads\/2018\/09\/company-1.jpg\" alt=\"\u8212\u5229\" title=\"\"><\/div> <div>\u00a0<\/div> <h2 class=\"col-md-6\">Machines Cie., Ltd de Zhengzhou Shuliy<\/h2> <div>\u00a0<\/div> <div class=\"col-md-6\"><strong>Courriel\u00a0: info@garlic-processing.com<\/strong><\/div> <div>\u00a0<\/div> <div><strong><strong>WhatsApp\/T\u00e9l : <a href=\"https:\/\/wa.me\/+8619139761487\" target=\"_blank\" rel=\"noopener\">+86 19139761487. <\/a><\/strong><\/strong><strong><strong>Vous pouvez cliquer sur ce lien WhatsApp pour discuter directement avec nous et obtenir une consultation instantan\u00e9e.<a href=\"https:\/\/wa.me\/+8619139761487\" target=\"_blank\" rel=\"noopener\"><br \/><\/a><\/strong><\/strong><\/div> <div>\u00a0<\/div> <div class=\"col-md-6\"><strong>Adresse\u00a0: Nautical Road East, zone de d\u00e9veloppement \u00e9conomique de Zhengzhou, Henan, Chine.<\/strong><\/div> <div>\u00a0<\/div> <div class=\"col-md-6\"><strong>Veuillez nous contacter pour toute demande de renseignements, pr\u00e9cisions ou pour traiter votre commande.<\/strong><\/div> <div>\u00a0<\/div> <div class=\"col-md-6\"><strong>Merci de votre int\u00e9r\u00eat pour Zhengzhou Shuliy Machinery Co., Ltd. N'h\u00e9sitez pas \u00e0 nous soumettre vos informations de demande. Notre responsable commercial vous contactera dans les plus brefs d\u00e9lais.<\/strong><\/div>   <p><\/p>","protected":false},"excerpt":{"rendered":"<p>\u00a0 Zhengzhou Shuliy Machinery Co., Ltd \u00a0 Email: info@garlic-processing.com \u00a0 WhatsApp\/Tel: +86 19139761487. You can click this WhatsApp link to chat with us directly and get instant consultation. \u00a0 Address: Nautical Road East, Zhengzhou Economic Development Zone, Henan, China. \u00a0 Please contact us for any inquiry, clarification or to process your order. \u00a0 Thank you [&hellip;]<\/p>\n","protected":false},"author":1,"featured_media":0,"parent":0,"menu_order":0,"comment_status":"closed","ping_status":"closed","template":"","meta":{"footnotes":""},"class_list":["post-8","page","type-page","status-publish","hentry"],"_links":{"self":[{"href":"https:\/\/garlic-processing.com\/fr\/wp-json\/wp\/v2\/pages\/8","targetHints":{"allow":["GET"]}}],"collection":[{"href":"https:\/\/garlic-processing.com\/fr\/wp-json\/wp\/v2\/pages"}],"about":[{"href":"https:\/\/garlic-processing.com\/fr\/wp-json\/wp\/v2\/types\/page"}],"author":[{"embeddable":true,"href":"https:\/\/garlic-processing.com\/fr\/wp-json\/wp\/v2\/users\/1"}],"replies":[{"embeddable":true,"href":"https:\/\/garlic-processing.com\/fr\/wp-json\/wp\/v2\/comments?post=8"}],"version-history":[{"count":0,"href":"https:\/\/garlic-processing.com\/fr\/wp-json\/wp\/v2\/pages\/8\/revisions"}],"wp:attachment":[{"href":"https:\/\/garlic-processing.com\/fr\/wp-json\/wp\/v2\/media?parent=8"}],"curies":[{"name":"wp","href":"https:\/\/api.w.org\/{rel}","templated":true}]}}