{"id":6,"date":"2018-08-20T07:08:50","date_gmt":"2018-08-20T07:08:50","guid":{"rendered":"http:\/\/www.garlic-processing.com\/?page_id=6"},"modified":"2025-11-27T14:31:02","modified_gmt":"2025-11-27T06:31:02","slug":"about-us","status":"publish","type":"page","link":"https:\/\/garlic-processing.com\/pt\/about-us\/","title":{"rendered":"Sobre n\u00f3s"},"content":{"rendered":"<div class=\"wp-block-columns is-layout-flex wp-container-core-columns-is-layout-9d6595d7 wp-block-columns-is-layout-flex\"> <div class=\"wp-block-column is-vertically-aligned-top is-layout-flow wp-block-column-is-layout-flow\"> <h2 class=\"wp-block-heading\"><strong><mark style=\"background-color:rgba(0, 0, 0, 0)\" class=\"has-inline-color has-green-color\">Localiza\u00e7\u00e3o da nossa empresa <\/mark><\/strong><\/h2>    <p class=\"translation-block\"><strong>Zhengzhou Shuliy Machinery Co., Ltd.<\/strong>, com mais de 20 anos de experi\u00eancia na fabrica\u00e7\u00e3o de maquinaria, \u00e9 uma empresa bem estabelecida que integra investiga\u00e7\u00e3o, desenvolvimento, design, fabrica\u00e7\u00e3o e vendas. Localizada na Zona de Desenvolvimento Econ\u00f3mico e Tecnol\u00f3gico de Zhengzhou \u2014 um centro comercial e industrial vibrante \u2014 a empresa concentra-se principalmente na exporta\u00e7\u00e3o de v\u00e1rias m\u00e1quinas e equipamentos.<\/p>    <p class=\"translation-block\">A Shuliy tamb\u00e9m opera a sua subsidi\u00e1ria <strong>Taizy<\/strong>, que se especializa em maquinaria de processamento de alimentos e solu\u00e7\u00f5es de produ\u00e7\u00e3o personalizadas, refor\u00e7ando ainda mais as capacidades de servi\u00e7o global da empresa e a competitividade no mercado.<\/p>    <p class=\"translation-block\"><em><strong><mark class=\"has-inline-color has-green-color\">Endere\u00e7o detalhado:<\/mark><\/strong> <\/em>\u00a0<em><strong>No.1394 East Hanghai Road, Zona de Desenvolvimento Econ\u00f3mico e Tecnol\u00f3gico, Zhengzhou, China<\/strong><\/em><\/p>    <figure class=\"wp-block-gallery has-nested-images columns-default is-cropped wp-block-gallery-2 is-layout-flex wp-block-gallery-is-layout-flex\"> <figure class=\"wp-block-image size-large\"><img loading=\"lazy\" decoding=\"async\" width=\"1024\" height=\"536\" data-id=\"1526\" src=\"https:\/\/www.garlic-processing.com\/wp-content\/uploads\/2022\/03\/shuliy-machinery-factory-1024x536.jpg\" alt=\"\" class=\"wp-image-1526\" title=\"\" srcset=\"https:\/\/garlic-processing.com\/wp-content\/uploads\/2022\/03\/shuliy-machinery-factory-1024x536.jpg 1024w, https:\/\/garlic-processing.com\/wp-content\/uploads\/2022\/03\/shuliy-machinery-factory-300x157.jpg 300w, https:\/\/garlic-processing.com\/wp-content\/uploads\/2022\/03\/shuliy-machinery-factory-768x402.jpg 768w, https:\/\/garlic-processing.com\/wp-content\/uploads\/2022\/03\/shuliy-machinery-factory.jpg 1352w\" sizes=\"auto, (max-width: 1024px) 100vw, 1024px\" \/><\/figure>    <figure class=\"wp-block-image size-large\"><img loading=\"lazy\" decoding=\"async\" width=\"800\" height=\"533\" data-id=\"306\" src=\"https:\/\/www.garlic-processing.com\/wp-content\/uploads\/2018\/09\/company-1.jpg\" alt=\"\" class=\"wp-image-306\" title=\"\" srcset=\"https:\/\/garlic-processing.com\/wp-content\/uploads\/2018\/09\/company-1.jpg 800w, https:\/\/garlic-processing.com\/wp-content\/uploads\/2018\/09\/company-1-300x200.jpg 300w, https:\/\/garlic-processing.com\/wp-content\/uploads\/2018\/09\/company-1-768x512.jpg 768w\" sizes=\"auto, (max-width: 800px) 100vw, 800px\" \/><\/figure> <\/figure> <\/div> <\/div>    <h2 class=\"wp-block-heading\"><strong><b><mark style=\"background-color:rgba(0, 0, 0, 0)\" class=\"has-inline-color has-green-color\">Nossos principais produtos e mercado<\/mark><\/b><\/strong><\/h2>    <p class=\"translation-block\">Os nossos principais produtos incluem o <strong><a href=\"https:\/\/garlic-processing.com\/pt\/garlic-separator-machine.html\/\">separador de dentes de alho<\/a><\/strong>, m\u00e1quina de descasque de alho, m\u00e1quina de fatiar alho, <strong><a href=\"https:\/\/garlic-processing.com\/pt\/garlic-grinder-stainless-steel-grinding-machine.html\/\">m\u00e1quina de moer alho<\/a><\/strong>, m\u00e1quina de secar alho, m\u00e1quina de pasta de alho, m\u00e1quina de embalamento de p\u00f3 de alho, e mais. etc. Nos \u00faltimos anos, os nossos produtos t\u00eam desfrutado de grande popularidade nos mercados africano e do Sudeste Asi\u00e1tico, como S\u00e9rvia, Rep\u00fablica Checa, Mal\u00e1sia, Singapura, Tail\u00e2ndia, Pol\u00f3nia, EUA, Fran\u00e7a, Ar\u00e1bia Saudita, Costa do Marfim, EUA, Peru, It\u00e1lia, Hungria, Jamaica e assim por diante.<\/p>    <figure class=\"wp-block-image aligncenter size-full\"><img loading=\"lazy\" decoding=\"async\" width=\"720\" height=\"540\" src=\"https:\/\/www.garlic-processing.com\/wp-content\/uploads\/2025\/11\/Market-distribution.webp\" alt=\"Distribui\u00e7\u00e3o de mercado\" class=\"wp-image-2929\" title=\"\" srcset=\"https:\/\/garlic-processing.com\/wp-content\/uploads\/2025\/11\/Market-distribution.webp 720w, https:\/\/garlic-processing.com\/wp-content\/uploads\/2025\/11\/Market-distribution-300x225.webp 300w, https:\/\/garlic-processing.com\/wp-content\/uploads\/2025\/11\/Market-distribution-16x12.webp 16w\" sizes=\"auto, (max-width: 720px) 100vw, 720px\" \/><figcaption class=\"wp-element-caption\">Distribui\u00e7\u00e3o de mercado<\/figcaption><\/figure>    <h2 class=\"wp-block-heading\"><mark style=\"background-color:rgba(0, 0, 0, 0)\" class=\"has-inline-color has-green-color\">Nossos Pontos Fortes<\/mark><\/h2>    <h3 class=\"wp-block-heading\"><mark style=\"background-color:rgba(0, 0, 0, 0)\" class=\"has-inline-color has-green-color\">Solu\u00e7\u00f5es de Equipamentos Industriais de Ponta a Ponta<\/mark><\/h3>    <ul class=\"wp-block-list\"> <li>De m\u00e1quinas aut\u00f3nomas a linhas de produ\u00e7\u00e3o completas, fornecemos design personalizado, fabrica\u00e7\u00e3o, instala\u00e7\u00e3o e suporte p\u00f3s-venda para garantir a execu\u00e7\u00e3o perfeita do projeto.<\/li>    <li>Experi\u00eancia extensa em projetos governamentais (por exemplo, concursos do governo nigeriano) garante que atendemos \u00e0s demandas industriais de grande escala.<\/li> <\/ul>    <h3 class=\"wp-block-heading\"><strong><mark style=\"background-color:rgba(0, 0, 0, 0)\" class=\"has-inline-color has-green-color\">Garantia de Qualidade Rigorosa<\/mark><\/strong><\/h3>    <ul class=\"wp-block-list\"> <li>Certificado com ISO9001, CE, e outros padr\u00f5es internacionais, garantindo conformidade com os requisitos do mercado global.<\/li>    <li>Engenharia de precis\u00e3o e controlo de qualidade rigoroso garantem fiabilidade e desempenho a longo prazo.<\/li> <\/ul>    <figure class=\"wp-block-image aligncenter size-full\"><img loading=\"lazy\" decoding=\"async\" width=\"519\" height=\"720\" src=\"https:\/\/www.garlic-processing.com\/wp-content\/uploads\/2025\/11\/ISO9001.webp\" alt=\"ISO9001\" class=\"wp-image-2921\" title=\"\" srcset=\"https:\/\/garlic-processing.com\/wp-content\/uploads\/2025\/11\/ISO9001.webp 519w, https:\/\/garlic-processing.com\/wp-content\/uploads\/2025\/11\/ISO9001-216x300.webp 216w, https:\/\/garlic-processing.com\/wp-content\/uploads\/2025\/11\/ISO9001-9x12.webp 9w\" sizes=\"auto, (max-width: 519px) 100vw, 519px\" \/><figcaption class=\"wp-element-caption\">ISO9001<\/figcaption><\/figure>    <h3 class=\"wp-block-heading\"><strong><mark style=\"background-color:rgba(0, 0, 0, 0)\" class=\"has-inline-color has-green-color\">Rede de Servi\u00e7os Global<\/mark><\/strong><\/h3>    <ul class=\"wp-block-list\"> <li>Suporte t\u00e9cnico 24\/7 para resposta r\u00e1pida e resolu\u00e7\u00e3o de problemas.<\/li>    <li>Com sede estrat\u00e9gica em Zhengzhou, China \u2014 um centro log\u00edstico global \u2014 possibilitando solu\u00e7\u00f5es de frete terrestre, a\u00e9reo e mar\u00edtimo eficientes em custos para minimizar as despesas da cadeia de abastecimento.<\/li> <\/ul>    <figure class=\"wp-block-gallery has-nested-images columns-default is-cropped wp-block-gallery-3 is-layout-flex wp-block-gallery-is-layout-flex\"> <figure class=\"wp-block-image size-large\"><img loading=\"lazy\" decoding=\"async\" width=\"720\" height=\"540\" data-id=\"2933\" src=\"https:\/\/www.garlic-processing.com\/wp-content\/uploads\/2025\/11\/Air-Freight.webp\" alt=\"Frete a\u00e9reo\" class=\"wp-image-2933\" title=\"\" srcset=\"https:\/\/garlic-processing.com\/wp-content\/uploads\/2025\/11\/Air-Freight.webp 720w, https:\/\/garlic-processing.com\/wp-content\/uploads\/2025\/11\/Air-Freight-300x225.webp 300w, https:\/\/garlic-processing.com\/wp-content\/uploads\/2025\/11\/Air-Freight-16x12.webp 16w\" sizes=\"auto, (max-width: 720px) 100vw, 720px\" \/><figcaption class=\"wp-element-caption\">Frete a\u00e9reo<\/figcaption><\/figure>    <figure class=\"wp-block-image size-large\"><img loading=\"lazy\" decoding=\"async\" width=\"720\" height=\"540\" data-id=\"2935\" src=\"https:\/\/www.garlic-processing.com\/wp-content\/uploads\/2025\/11\/Sea-Freight.webp\" alt=\"Frete mar\u00edtimo\" class=\"wp-image-2935\" title=\"\" srcset=\"https:\/\/garlic-processing.com\/wp-content\/uploads\/2025\/11\/Sea-Freight.webp 720w, https:\/\/garlic-processing.com\/wp-content\/uploads\/2025\/11\/Sea-Freight-300x225.webp 300w, https:\/\/garlic-processing.com\/wp-content\/uploads\/2025\/11\/Sea-Freight-16x12.webp 16w\" sizes=\"auto, (max-width: 720px) 100vw, 720px\" \/><figcaption class=\"wp-element-caption\">Frete mar\u00edtimo<\/figcaption><\/figure>    <figure class=\"wp-block-image size-large\"><img loading=\"lazy\" decoding=\"async\" width=\"720\" height=\"540\" data-id=\"2934\" src=\"https:\/\/www.garlic-processing.com\/wp-content\/uploads\/2025\/11\/Rail-Freight.webp\" alt=\"Frete ferrovi\u00e1rio\" class=\"wp-image-2934\" title=\"\" srcset=\"https:\/\/garlic-processing.com\/wp-content\/uploads\/2025\/11\/Rail-Freight.webp 720w, https:\/\/garlic-processing.com\/wp-content\/uploads\/2025\/11\/Rail-Freight-300x225.webp 300w, https:\/\/garlic-processing.com\/wp-content\/uploads\/2025\/11\/Rail-Freight-16x12.webp 16w\" sizes=\"auto, (max-width: 720px) 100vw, 720px\" \/><figcaption class=\"wp-element-caption\">Frete ferrovi\u00e1rio<\/figcaption><\/figure> <\/figure>    <h2 class=\"wp-block-heading\"><strong><b><mark style=\"background-color:rgba(0, 0, 0, 0)\" class=\"has-inline-color has-green-color\">Nosso controle de qualidade e servi\u00e7o<\/mark> <\/b><\/strong><\/h2>    <p>Esfor\u00e7amo-nos sempre pela excel\u00eancia. Gra\u00e7as a uma for\u00e7a de trabalho bem treinada, a um sistema rigoroso de garantia de qualidade, \u00e0 gest\u00e3o otimizada de todo o processo de produ\u00e7\u00e3o e a sistemas perfeitos de servi\u00e7o p\u00f3s-venda, os nossos produtos e servi\u00e7os s\u00e3o altamente elogiados por clientes nacionais e internacionais. <\/p>    <p>Baseados no princ\u00edpio de qualidade, boa reputa\u00e7\u00e3o e cliente em primeiro lugar, mantemos a f\u00e9 na cria\u00e7\u00e3o de produtos de alta qualidade nas ind\u00fastrias relevantes e alcan\u00e7ar um grande desempenho ao longo do tempo. Estamos altamente dedicados a fornecer produtos de qualidade premium e um servi\u00e7o satisfat\u00f3rio a todos os clientes, e esperamos uma coopera\u00e7\u00e3o sincera com eles para um futuro brilhante.&nbsp;<\/p>    <p>A nossa empresa visa inovar na pr\u00e1tica e fornecer uma garantia fi\u00e1vel desde a produ\u00e7\u00e3o at\u00e9 \u00e0 venda. A nossa declara\u00e7\u00e3o de qualidade resume-se a uma \u00fanica palavra \u2013 compromisso \u2013 com a agricultura, os agricultores e os consumidores de produtos, que nos esfor\u00e7amos por cumprir todos os dias.<\/p>    <h2 class=\"wp-block-heading\"><mark style=\"background-color:rgba(0, 0, 0, 0);color:#00d084\" class=\"has-inline-color\">Parceria com o Grupo Shuliy para um futuro mais inteligente e eficiente.<\/mark><\/h2>    <p>Priorizamos a inova\u00e7\u00e3o centrada no cliente e a excel\u00eancia tecnol\u00f3gica, esfor\u00e7ando-nos por ser um referencial em maquinaria industrial global. Onde quer que estejam as suas opera\u00e7\u00f5es, o Grupo Shuliy oferece solu\u00e7\u00f5es profissionais, confi\u00e1veis e de alto desempenho.<\/p>    <p>Contacte-nos para uma proposta personalizada!<\/p>    <figure class=\"wp-block-image aligncenter size-full\"><img loading=\"lazy\" decoding=\"async\" width=\"720\" height=\"540\" src=\"https:\/\/www.garlic-processing.com\/wp-content\/uploads\/2025\/07\/Cooperative-Clients.webp\" alt=\"10 itens\" class=\"wp-image-2712\" title=\"\" srcset=\"https:\/\/garlic-processing.com\/wp-content\/uploads\/2025\/07\/Cooperative-Clients.webp 720w, https:\/\/garlic-processing.com\/wp-content\/uploads\/2025\/07\/Cooperative-Clients-300x225.webp 300w, https:\/\/garlic-processing.com\/wp-content\/uploads\/2025\/07\/Cooperative-Clients-16x12.webp 16w\" sizes=\"auto, (max-width: 720px) 100vw, 720px\" \/><figcaption class=\"wp-element-caption\">10 itens<\/figcaption><\/figure>    <p><\/p>","protected":false},"excerpt":{"rendered":"<p>Our Company Location Zhengzhou Shuliy Machinery Co., Ltd., with over 20 years of experience in machinery manufacturing, is a well-established enterprise integrating research, development, design, manufacturing, and sales. Located in the Zhengzhou Economic and Technological Development Zone\u2014a vibrant commercial and industrial hub\u2014the company focuses mainly on the export of various machinery and equipment. Shuliy also [&hellip;]<\/p>\n","protected":false},"author":1,"featured_media":0,"parent":0,"menu_order":0,"comment_status":"closed","ping_status":"closed","template":"","meta":{"footnotes":""},"class_list":["post-6","page","type-page","status-publish","hentry"],"_links":{"self":[{"href":"https:\/\/garlic-processing.com\/pt\/wp-json\/wp\/v2\/pages\/6","targetHints":{"allow":["GET"]}}],"collection":[{"href":"https:\/\/garlic-processing.com\/pt\/wp-json\/wp\/v2\/pages"}],"about":[{"href":"https:\/\/garlic-processing.com\/pt\/wp-json\/wp\/v2\/types\/page"}],"author":[{"embeddable":true,"href":"https:\/\/garlic-processing.com\/pt\/wp-json\/wp\/v2\/users\/1"}],"replies":[{"embeddable":true,"href":"https:\/\/garlic-processing.com\/pt\/wp-json\/wp\/v2\/comments?post=6"}],"version-history":[{"count":0,"href":"https:\/\/garlic-processing.com\/pt\/wp-json\/wp\/v2\/pages\/6\/revisions"}],"wp:attachment":[{"href":"https:\/\/garlic-processing.com\/pt\/wp-json\/wp\/v2\/media?parent=6"}],"curies":[{"name":"wp","href":"https:\/\/api.w.org\/{rel}","templated":true}]}}