{"id":1403,"date":"2022-03-10T06:04:29","date_gmt":"2022-03-10T06:04:29","guid":{"rendered":"https:\/\/www.garlic-processing.com\/?page_id=1403"},"modified":"2022-03-10T06:04:29","modified_gmt":"2022-03-10T06:04:29","slug":"1403-2","status":"publish","type":"page","link":"https:\/\/garlic-processing.com\/tr\/1403-2\/","title":{"rendered":"Sar\u0131msak makineleri"},"content":{"rendered":"<div class=\"wp-block-kadence-rowlayout alignnone\"><div id=\"kt-layout-id_769d6b-8a\" class=\"kt-row-layout-inner kt-row-has-bg kt-layout-id_769d6b-8a\"><div class=\"kt-row-column-wrap kt-has-1-columns kt-gutter-default kt-v-gutter-default kt-row-valign-middle kt-row-layout-equal kt-tab-layout-inherit kt-m-colapse-left-to-right kt-mobile-layout-row\"> <div class=\"wp-block-kadence-column inner-column-1 kadence-column_4e6022-e6\"><div class=\"kt-inside-inner-col\"><\/div><\/div> <\/div><\/div><\/div>    <div class=\"wp-block-kadence-rowlayout alignnone\"><div id=\"kt-layout-id_0cd443-77\" class=\"kt-row-layout-inner kt-layout-id_0cd443-77\"><div class=\"kt-row-column-wrap kt-has-1-columns kt-gutter-default kt-v-gutter-default kt-row-valign-top kt-row-layout-equal kt-tab-layout-inherit kt-m-colapse-left-to-right kt-mobile-layout-row kb-theme-content-width\"> <div class=\"wp-block-kadence-column inner-column-1 kadence-column_8aa489-70\"><div class=\"kt-inside-inner-col\"> <h2 class=\"kt-adv-heading_99c22b-463 wp-block-kadence-advancedheading\" data-kb-block=\"kb-adv-heading_99c22b-463\">\u00dcr\u00fcn Merkezi<\/h2>   <\/div><\/div> <\/div><\/div><\/div>    <div class=\"wp-block-kadence-rowlayout alignnone\"><div id=\"kt-layout-id_76b199-8e\" class=\"kt-row-layout-inner kt-layout-id_76b199-8e\"><div class=\"kt-row-column-wrap kt-has-1-columns kt-gutter-default kt-v-gutter-default kt-row-valign-top kt-row-layout-equal kt-tab-layout-inherit kt-m-colapse-left-to-right kt-mobile-layout-row kb-theme-content-width\"> <div class=\"wp-block-kadence-column inner-column-1 kadence-column_19e8cd-72\"><div class=\"kt-inside-inner-col\"> <h2 class=\"kt-adv-heading_cba0cd-95 wp-block-kadence-advancedheading\" data-kb-block=\"kb-adv-heading_cba0cd-95\">  Haber bilgileri<\/h2>   <\/div><\/div> <\/div><\/div><\/div>    <div class=\"wp-block-kadence-rowlayout alignnone\"><div id=\"kt-layout-id_c55897-47\" class=\"kt-row-layout-inner kt-layout-id_c55897-47\"><div class=\"kt-row-column-wrap kt-has-1-columns kt-gutter-default kt-v-gutter-default kt-row-valign-top kt-row-layout-equal kt-tab-layout-inherit kt-m-colapse-left-to-right kt-mobile-layout-row\"> <div class=\"wp-block-kadence-column inner-column-1 kadence-column_0a86cd-8c\"><div class=\"kt-inside-inner-col\"> <h2 class=\"kt-adv-heading_88169b-cc wp-block-kadence-advancedheading\" data-kb-block=\"kb-adv-heading_88169b-cc\">Hizmet konsepti<\/h2>    <p><\/p> <\/div><\/div> <\/div><\/div><\/div>    <div class=\"wp-block-kadence-rowlayout alignnone\"><div id=\"kt-layout-id_6a3b0f-d6\" class=\"kt-row-layout-inner kt-layout-id_6a3b0f-d6\"><div class=\"kt-row-column-wrap kt-has-1-columns kt-gutter-default kt-v-gutter-default kt-row-valign-top kt-row-layout-equal kt-tab-layout-inherit kt-m-colapse-left-to-right kt-mobile-layout-row kb-theme-content-width\"> <div class=\"wp-block-kadence-column inner-column-1 kadence-column_4ce567-c4\"><div class=\"kt-inside-inner-col\"> <div class=\"wp-block-kadence-rowlayout alignnone\"><div id=\"kt-layout-id_3fff75-10\" class=\"kt-row-layout-inner kt-layout-id_3fff75-10\"><div class=\"kt-row-column-wrap kt-has-2-columns kt-gutter-widest kt-v-gutter-default kt-row-valign-middle kt-row-layout-equal kt-tab-layout-inherit kt-m-colapse-left-to-right kt-mobile-layout-row kb-theme-content-width\"> <div class=\"wp-block-kadence-column inner-column-1 kadence-column_1fb1f9-a4\"><div class=\"kt-inside-inner-col\"> <p class=\"kt-adv-heading_86b3f5-72 wp-block-kadence-advancedheading\" data-kb-block=\"kb-adv-heading_86b3f5-72\"><meta charset=\"utf-8\">Zhengzhou Shuliy Machinery Co., Ltd, bilimsel ara\u015ft\u0131rma, geli\u015ftirme, tasar\u0131m, \u00fcretim ve sat\u0131\u015flar\u0131 bir b\u00fct\u00fcn olarak entegre eden tan\u0131nm\u0131\u015f bir kurulu\u015ftur. Ticari ve ekonomik bir merkez olan Zhengzhou Ekonomik ve Teknolojik Kalk\u0131nma B\u00f6lgesi'nde yer almakta olup a\u011f\u0131rl\u0131kl\u0131 olarak mekanik ekipmanlar\u0131n ithalat\u0131 ve ihracat\u0131yla u\u011fra\u015fmaktad\u0131r. \u0130\u015fte hepsi aile olarak \u00e7al\u0131\u015fman\u0131n mutlulu\u011fuyla motive olmu\u015f 300'den fazla \u00e7al\u0131\u015fan\u0131m\u0131zla g\u00fc\u00e7leniyoruz. Ana \u00fcr\u00fcnlerimiz aras\u0131nda sar\u0131msak hasat makinesi, k\u00f6k \u00e7\u0131karma makinesi, s\u0131n\u0131fland\u0131rma makinesi, soyma makinesi, dilimleme makinesi, ta\u015flama makinesi vb. yer almaktad\u0131r. Son y\u0131llarda \u00fcr\u00fcnlerimiz \u00e7ok say\u0131da \u00fclke ve b\u00f6lgede b\u00fcy\u00fck pop\u00fclerlik kazanm\u0131\u015ft\u0131r.<\/p>    <div class=\"wp-block-kadence-advancedbtn kt-btn-align-left kt-btn-tablet-align-inherit kt-btn-mobile-align-inherit kt-btns-wrap kt-btns_bd27d4-7d\"><div class=\"kt-btn-wrap kt-btn-wrap-0\"><a class=\"kt-button button kt-btn-0-action kt-btn-size-large kt-btn-style-basic kt-btn-svg-show-always kt-btn-has-text-true kt-btn-has-svg-true\" href=\"https:\/\/garlic-processing.com\/tr\/contact-us\/\"><span class=\"kt-btn-inner-text\">Bize Ula\u015f\u0131n<\/span><div style=\"display:inline-flex;justify-content:center;align-items:center\" class=\"kt-btn-svg-icon kt-btn-svg-icon-fe_arrowRight kt-btn-side-right\"><svg style=\"display:inline-block;vertical-align:middle\" viewbox=\"0 0 24 24\" height=\"1em\" width=\"1em\" fill=\"none\" stroke=\"currentColor\" xmlns=\"http:\/\/www.w3.org\/2000\/svg\" stroke-width=\"2\" stroke-linecap=\"round\" stroke-linejoin=\"round\"><line x1=\"5\" y1=\"12\" x2=\"19\" y2=\"12\"><\/line><polyline points=\"12 5 19 12 12 19\"><\/polyline><\/svg><\/div><\/a><\/div><\/div> <\/div><\/div>    <div class=\"wp-block-kadence-column inner-column-2 kadence-column_14ea67-0c\"><div class=\"kt-inside-inner-col\"> <figure class=\"wp-block-image size-full\"><img loading=\"lazy\" decoding=\"async\" width=\"750\" height=\"419\" src=\"https:\/\/garlic-processing.com\/wp-content\/uploads\/2018\/08\/9.jpg\" alt=\"\" class=\"wp-image-95\" title=\"\" srcset=\"https:\/\/garlic-processing.com\/wp-content\/uploads\/2018\/08\/9.jpg 750w, https:\/\/garlic-processing.com\/wp-content\/uploads\/2018\/08\/9-300x168.jpg 300w\" sizes=\"auto, (max-width: 750px) 100vw, 750px\" \/><\/figure> <\/div><\/div> <\/div><\/div><\/div> <\/div><\/div> <\/div><\/div><\/div>    <div class=\"wp-block-kadence-rowlayout alignnone\"><div id=\"kt-layout-id_ec92aa-f8\" class=\"kt-row-layout-inner kt-layout-id_ec92aa-f8\"><div class=\"kt-row-column-wrap kt-has-3-columns kt-gutter-skinny kt-v-gutter-default kt-row-valign-top kt-row-layout-equal kt-tab-layout-inherit kt-m-colapse-left-to-right kt-mobile-layout-row kb-theme-content-width\"> <div class=\"wp-block-kadence-column inner-column-1 kadence-column_c21e1e-fd\"><div class=\"kt-inside-inner-col\"> <div id=\"kt-info-box_1de3f0-00\" class=\"wp-block-kadence-infobox\"><div class=\"kt-blocks-info-box-link-wrap kt-blocks-info-box-media-align-left kt-info-halign-left\"><div class=\"kt-blocks-info-box-media-container\"><div class=\"kt-blocks-info-box-media kt-info-media-animate-none\"><div class=\"kadence-info-box-icon-container kt-info-icon-animate-none\"><div class=\"kadence-info-box-icon-inner-container\"><span style=\"display:block;justify-content:center;align-items:center\" class=\"kt-info-svg-icon kt-info-svg-icon-fe_user\"><svg style=\"display:inline-block;vertical-align:middle\" viewbox=\"0 0 24 24\" height=\"50\" width=\"50\" fill=\"none\" stroke=\"currentColor\" xmlns=\"http:\/\/www.w3.org\/2000\/svg\" stroke-width=\"2\" stroke-linecap=\"round\" stroke-linejoin=\"round\" aria-hidden=\"true\"><path d=\"M20 21v-2a4 4 0 0 0-4-4H8a4 4 0 0 0-4 4v2\"><\/path><circle cx=\"12\" cy=\"7\" r=\"4\"><\/circle><\/svg><\/span><\/div><\/div><\/div><\/div><div class=\"kt-infobox-textcontent\"><h5 class=\"kt-blocks-info-box-title\"><meta charset=\"utf-8\"\/>Alt\u0131 \u00f6nemli hizmet<\/h5><p class=\"kt-blocks-info-box-text\">Dan\u0131\u015fmanl\u0131ktan kuruluma, her ba\u011flant\u0131n\u0131n devreye al\u0131nmas\u0131 ve bak\u0131m\u0131na kadar, kullan\u0131c\u0131ya \u00fcr\u00fcn\u00fc kullanman\u0131n t\u00fcm s\u00fcrecinde en g\u00fc\u00e7l\u00fc servis garantisini sa\u011flamak i\u00e7in size kapsaml\u0131 ve d\u00fc\u015f\u00fcnceli bir hizmet sunuyoruz\u2026<\/p><\/div><\/div><\/div> <\/div><\/div>    <div class=\"wp-block-kadence-column inner-column-2 kadence-column_c46418-b7\"><div class=\"kt-inside-inner-col\"> <div id=\"kt-info-box_08083e-bc\" class=\"wp-block-kadence-infobox\"><div class=\"kt-blocks-info-box-link-wrap kt-blocks-info-box-media-align-left kt-info-halign-left\"><div class=\"kt-blocks-info-box-media-container\"><div class=\"kt-blocks-info-box-media kt-info-media-animate-none\"><div class=\"kadence-info-box-icon-container kt-info-icon-animate-none\"><div class=\"kadence-info-box-icon-inner-container\"><span style=\"display:block;justify-content:center;align-items:center\" class=\"kt-info-svg-icon kt-info-svg-icon-fe_thumbsUp\"><svg style=\"display:inline-block;vertical-align:middle\" viewbox=\"0 0 24 24\" height=\"50\" width=\"50\" fill=\"none\" stroke=\"currentColor\" xmlns=\"http:\/\/www.w3.org\/2000\/svg\" stroke-width=\"2\" stroke-linecap=\"round\" stroke-linejoin=\"round\" aria-hidden=\"true\"><path d=\"M14 9V5a3 3 0 0 0-3-3l-4 9v11h11.28a2 2 0 0 0 2-1.7l1.38-9a2 2 0 0 0-2-2.3zM7 22H4a2 2 0 0 1-2-2v-7a2 2 0 0 1 2-2h3\"><\/path><\/svg><\/span><\/div><\/div><\/div><\/div><div class=\"kt-infobox-textcontent\"><h5 class=\"kt-blocks-info-box-title\"><meta charset=\"utf-8\"\/>D\u00f6rt \u00f6nemli avantaj<\/h5><p class=\"kt-blocks-info-box-text\">Shuliy Machinery yenilik ve geli\u015ftirme, geli\u015fmi\u015f tasar\u0131m, \u00fcretim, i\u015fleme, montaj ve test ekipmanlar\u0131ndan olu\u015fan eksiksiz bir setle donat\u0131lm\u0131\u015f, kalite y\u00f6netim sistemi belgelendirmesi yoluyla bir b\u00fct\u00fcn olarak kurulu\u015f\u2026<\/p><\/div><\/div><\/div> <\/div><\/div>    <div class=\"wp-block-kadence-column inner-column-3 kadence-column_a95853-e5\"><div class=\"kt-inside-inner-col\"> <div id=\"kt-info-box_7c1af0-11\" class=\"wp-block-kadence-infobox\"><div class=\"kt-blocks-info-box-link-wrap kt-blocks-info-box-media-align-left kt-info-halign-left\"><div class=\"kt-blocks-info-box-media-container\"><div class=\"kt-blocks-info-box-media kt-info-media-animate-none\"><div class=\"kadence-info-box-icon-container kt-info-icon-animate-none\"><div class=\"kadence-info-box-icon-inner-container\"><span style=\"display:block;justify-content:center;align-items:center\" class=\"kt-info-svg-icon kt-info-svg-icon-fas_key\"><svg style=\"display:inline-block;vertical-align:middle\" viewbox=\"0 0 512 512\" height=\"50\" width=\"50\" fill=\"currentColor\" xmlns=\"http:\/\/www.w3.org\/2000\/svg\" aria-hidden=\"true\"><path d=\"M512 176.001C512 273.203 433.202 352 336 352c-11.22 0-22.19-1.062-32.827-3.069l-24.012 27.014A23.999 23.999 0 0 1 261.223 384H224v40c0 13.255-10.745 24-24 24h-40v40c0 13.255-10.745 24-24 24H24c-13.255 0-24-10.745-24-24v-78.059c0-6.365 2.529-12.47 7.029-16.971l161.802-161.802C163.108 213.814 160 195.271 160 176 160 78.798 238.797.001 335.999 0 433.488-.001 512 78.511 512 176.001zM336 128c0 26.51 21.49 48 48 48s48-21.49 48-48-21.49-48-48-48-48 21.49-48 48z\"><\/path><\/svg><\/span><\/div><\/div><\/div><\/div><div class=\"kt-infobox-textcontent\"><h5 class=\"kt-blocks-info-box-title\"><meta charset=\"utf-8\"\/>\u0130ki \u00f6nemli garanti<\/h5><p class=\"kt-blocks-info-box-text\">Bilimsel ve rasyonel tasar\u0131m, standartla\u015ft\u0131r\u0131lm\u0131\u015f yap\u0131, kapsaml\u0131 denetim sistemi, sistemin tasar\u0131m\u0131n\u0131n ve kurulumunun her ad\u0131m\u0131n do\u011fru oldu\u011funu \u00e7ok y\u00f6nl\u00fc garanti eder, \u201c\u00fc\u00e7 par\u00e7al\u0131 ekipman, yedi par\u00e7al\u0131 kurulum\u201d end\u00fcstrisini tam olarak yans\u0131t\u0131r\u2026<\/p><\/div><\/div><\/div> <\/div><\/div> <\/div><\/div><\/div>","protected":false},"excerpt":{"rendered":"","protected":false},"author":1,"featured_media":0,"parent":0,"menu_order":0,"comment_status":"closed","ping_status":"closed","template":"","meta":{"footnotes":""},"class_list":["post-1403","page","type-page","status-publish","hentry"],"_links":{"self":[{"href":"https:\/\/garlic-processing.com\/tr\/wp-json\/wp\/v2\/pages\/1403","targetHints":{"allow":["GET"]}}],"collection":[{"href":"https:\/\/garlic-processing.com\/tr\/wp-json\/wp\/v2\/pages"}],"about":[{"href":"https:\/\/garlic-processing.com\/tr\/wp-json\/wp\/v2\/types\/page"}],"author":[{"embeddable":true,"href":"https:\/\/garlic-processing.com\/tr\/wp-json\/wp\/v2\/users\/1"}],"replies":[{"embeddable":true,"href":"https:\/\/garlic-processing.com\/tr\/wp-json\/wp\/v2\/comments?post=1403"}],"version-history":[{"count":0,"href":"https:\/\/garlic-processing.com\/tr\/wp-json\/wp\/v2\/pages\/1403\/revisions"}],"wp:attachment":[{"href":"https:\/\/garlic-processing.com\/tr\/wp-json\/wp\/v2\/media?parent=1403"}],"curies":[{"name":"wp","href":"https:\/\/api.w.org\/{rel}","templated":true}]}}