{"id":6,"date":"2018-08-20T07:08:50","date_gmt":"2018-08-20T07:08:50","guid":{"rendered":"http:\/\/www.garlic-processing.com\/?page_id=6"},"modified":"2025-11-27T14:31:02","modified_gmt":"2025-11-27T06:31:02","slug":"about-us","status":"publish","type":"page","link":"https:\/\/garlic-processing.com\/tr\/about-us\/","title":{"rendered":"Hakk\u0131m\u0131zda"},"content":{"rendered":"<div class=\"wp-block-columns is-layout-flex wp-container-core-columns-is-layout-9d6595d7 wp-block-columns-is-layout-flex\"> <div class=\"wp-block-column is-vertically-aligned-top is-layout-flow wp-block-column-is-layout-flow\"> <h2 class=\"wp-block-heading\"><strong><mark style=\"background-color:rgba(0, 0, 0, 0)\" class=\"has-inline-color has-green-color\">\u015eirketimizin Konumu <\/mark><\/strong><\/h2>    <p class=\"translation-block\"><strong>Zhengzhou Shuliy Makine Co., Ltd.<\/strong>, 20 y\u0131l\u0131 a\u015fk\u0131n makine \u00fcretim tecr\u00fcbesiyle, ara\u015ft\u0131rma, geli\u015ftirme, tasar\u0131m, \u00fcretim ve sat\u0131\u015f entegre eden k\u00f6kl\u00fc bir kurulu\u015ftur. Zhengzhou Ekonomik ve Teknolojik Geli\u015fim B\u00f6lgesi\u2019nde bulunan \u2014 canl\u0131 bir ticaret ve sanayi merkezi \u2014 \u015firket, esas olarak \u00e7e\u015fitli makine ve ekipmanlar\u0131n ihracat\u0131na odaklanmaktad\u0131r.<\/p>    <p class=\"translation-block\">Shuliy ayr\u0131ca, g\u0131da i\u015fleme makineleri ve \u00f6zelle\u015ftirilmi\u015f \u00fcretim \u00e7\u00f6z\u00fcmlerinde uzmanla\u015fm\u0131\u015f olan <strong>Taizy<\/strong> adl\u0131 yan kurulu\u015funu da i\u015fletmektedir, bu da \u015firketin k\u00fcresel hizmet kapasitesini ve pazar rekabet\u00e7ili\u011fini art\u0131rmaktad\u0131r.<\/p>    <p class=\"translation-block\"><em><strong><mark class=\"has-inline-color has-green-color\">Detayl\u0131 adres:<\/mark><\/strong> <\/em>\u00a0<em><strong>No.1394 Do\u011fu Hanghai Yolu, Ekonomik-teknolojik Geli\u015fim B\u00f6lgesi, Zhengzhou, \u00c7in<\/strong><\/em><\/p>    <figure class=\"wp-block-gallery has-nested-images columns-default is-cropped wp-block-gallery-2 is-layout-flex wp-block-gallery-is-layout-flex\"> <figure class=\"wp-block-image size-large\"><img loading=\"lazy\" decoding=\"async\" width=\"1024\" height=\"536\" data-id=\"1526\" src=\"https:\/\/www.garlic-processing.com\/wp-content\/uploads\/2022\/03\/shuliy-machinery-factory-1024x536.jpg\" alt=\"\" class=\"wp-image-1526\" title=\"\" srcset=\"https:\/\/garlic-processing.com\/wp-content\/uploads\/2022\/03\/shuliy-machinery-factory-1024x536.jpg 1024w, https:\/\/garlic-processing.com\/wp-content\/uploads\/2022\/03\/shuliy-machinery-factory-300x157.jpg 300w, https:\/\/garlic-processing.com\/wp-content\/uploads\/2022\/03\/shuliy-machinery-factory-768x402.jpg 768w, https:\/\/garlic-processing.com\/wp-content\/uploads\/2022\/03\/shuliy-machinery-factory.jpg 1352w\" sizes=\"auto, (max-width: 1024px) 100vw, 1024px\" \/><\/figure>    <figure class=\"wp-block-image size-large\"><img loading=\"lazy\" decoding=\"async\" width=\"800\" height=\"533\" data-id=\"306\" src=\"https:\/\/www.garlic-processing.com\/wp-content\/uploads\/2018\/09\/company-1.jpg\" alt=\"\" class=\"wp-image-306\" title=\"\" srcset=\"https:\/\/garlic-processing.com\/wp-content\/uploads\/2018\/09\/company-1.jpg 800w, https:\/\/garlic-processing.com\/wp-content\/uploads\/2018\/09\/company-1-300x200.jpg 300w, https:\/\/garlic-processing.com\/wp-content\/uploads\/2018\/09\/company-1-768x512.jpg 768w\" sizes=\"auto, (max-width: 800px) 100vw, 800px\" \/><\/figure> <\/figure> <\/div> <\/div>    <h2 class=\"wp-block-heading\"><strong><b><mark style=\"background-color:rgba(0, 0, 0, 0)\" class=\"has-inline-color has-green-color\">Ana \u00dcr\u00fcnlerimiz ve Pazar\u0131m\u0131z<\/mark><\/b><\/strong><\/h2>    <p class=\"translation-block\">Ana \u00fcr\u00fcnlerimiz aras\u0131nda <strong><a href=\"https:\/\/garlic-processing.com\/tr\/garlic-separator-machine.html\/\">sar\u0131msak di\u015fi ay\u0131r\u0131c\u0131<\/a><\/strong>, sar\u0131msak soyma makinesi, sar\u0131msak dilimleme makinesi, <strong><a href=\"https:\/\/garlic-processing.com\/tr\/garlic-grinder-stainless-steel-grinding-machine.html\/\">sar\u0131msak \u00f6\u011f\u00fctme makinesi<\/a><\/strong>, sar\u0131msak kurutma makinesi, sar\u0131msak ezmesi makinesi, sar\u0131msak tozu paketleme makinesi ve daha fazlas\u0131 bulunmaktad\u0131r. Son y\u0131llarda \u00fcr\u00fcnlerimiz, S\u0131rbistan, \u00c7ekya, Malezya, Singapur, Tayland, Polonya, ABD, Fransa, Suudi Arabistan, Fildi\u015fi Sahili, Peru, \u0130talya, Macaristan, Jamaika gibi Afrika ve G\u00fcneydo\u011fu Asya pazarlar\u0131nda b\u00fcy\u00fck pop\u00fclerlik kazanm\u0131\u015ft\u0131r.<\/p>    <figure class=\"wp-block-image aligncenter size-full\"><img loading=\"lazy\" decoding=\"async\" width=\"720\" height=\"540\" src=\"https:\/\/www.garlic-processing.com\/wp-content\/uploads\/2025\/11\/Market-distribution.webp\" alt=\"Piyasa da\u011f\u0131l\u0131m\u0131\" class=\"wp-image-2929\" title=\"\" srcset=\"https:\/\/garlic-processing.com\/wp-content\/uploads\/2025\/11\/Market-distribution.webp 720w, https:\/\/garlic-processing.com\/wp-content\/uploads\/2025\/11\/Market-distribution-300x225.webp 300w, https:\/\/garlic-processing.com\/wp-content\/uploads\/2025\/11\/Market-distribution-16x12.webp 16w\" sizes=\"auto, (max-width: 720px) 100vw, 720px\" \/><figcaption class=\"wp-element-caption\">Piyasa da\u011f\u0131l\u0131m\u0131<\/figcaption><\/figure>    <h2 class=\"wp-block-heading\"><mark style=\"background-color:rgba(0, 0, 0, 0)\" class=\"has-inline-color has-green-color\">Temel G\u00fc\u00e7lerimiz<\/mark><\/h2>    <h3 class=\"wp-block-heading\"><mark style=\"background-color:rgba(0, 0, 0, 0)\" class=\"has-inline-color has-green-color\">U\u00e7tan Uca End\u00fcstriyel Ekipman \u00c7\u00f6z\u00fcmleri<\/mark><\/h3>    <ul class=\"wp-block-list\"> <li>Ba\u011f\u0131ms\u0131z makinelerden tam \u00fcretim hatlar\u0131na kadar, sorunsuz proje y\u00fcr\u00fctmesini sa\u011flamak i\u00e7in \u00f6zelle\u015ftirilmi\u015f tasar\u0131m, \u00fcretim, kurulum ve sat\u0131\u015f sonras\u0131 destek sunuyoruz.<\/li>    <li>H\u00fck\u00fcmet projelerinde geni\u015f deneyim (\u00f6rne\u011fin Nijerya h\u00fck\u00fcmeti ihaleleri), b\u00fcy\u00fck \u00f6l\u00e7ekli end\u00fcstriyel talepleri kar\u015f\u0131lamam\u0131z\u0131 sa\u011flar.<\/li> <\/ul>    <h3 class=\"wp-block-heading\"><strong><mark style=\"background-color:rgba(0, 0, 0, 0)\" class=\"has-inline-color has-green-color\">Titiz Kalite G\u00fcvencesi<\/mark><\/strong><\/h3>    <ul class=\"wp-block-list\"> <li>ISO9001, CE ve di\u011fer uluslararas\u0131 standartlarla sertifikaland\u0131r\u0131lm\u0131\u015ft\u0131r, k\u00fcresel pazar gereksinimlerine uyumu garanti eder.<\/li>    <li>Hassas m\u00fchendislik ve s\u0131k\u0131 kalite kontrol, uzun vadeli g\u00fcvenilirlik ve performans\u0131 sa\u011flar.<\/li> <\/ul>    <figure class=\"wp-block-image aligncenter size-full\"><img loading=\"lazy\" decoding=\"async\" width=\"519\" height=\"720\" src=\"https:\/\/www.garlic-processing.com\/wp-content\/uploads\/2025\/11\/ISO9001.webp\" alt=\"ISO9001\" class=\"wp-image-2921\" title=\"\" srcset=\"https:\/\/garlic-processing.com\/wp-content\/uploads\/2025\/11\/ISO9001.webp 519w, https:\/\/garlic-processing.com\/wp-content\/uploads\/2025\/11\/ISO9001-216x300.webp 216w, https:\/\/garlic-processing.com\/wp-content\/uploads\/2025\/11\/ISO9001-9x12.webp 9w\" sizes=\"auto, (max-width: 519px) 100vw, 519px\" \/><figcaption class=\"wp-element-caption\">ISO9001<\/figcaption><\/figure>    <h3 class=\"wp-block-heading\"><strong><mark style=\"background-color:rgba(0, 0, 0, 0)\" class=\"has-inline-color has-green-color\">K\u00fcresel Hizmet A\u011f\u0131<\/mark><\/strong><\/h3>    <ul class=\"wp-block-list\"> <li>H\u0131zl\u0131 yan\u0131t ve sorun giderme i\u00e7in 7\/24 teknik destek.<\/li>    <li>\u00c7in'in Zhengzhou \u015fehrinde stratejik olarak merkezlenmi\u015f olup, k\u00fcresel lojistik merkezi\u2014maliyet etkin kara, hava ve deniz ta\u015f\u0131mac\u0131l\u0131\u011f\u0131 \u00e7\u00f6z\u00fcmleri sa\u011flayarak tedarik zinciri maliyetlerini minimize eder.<\/li> <\/ul>    <figure class=\"wp-block-gallery has-nested-images columns-default is-cropped wp-block-gallery-3 is-layout-flex wp-block-gallery-is-layout-flex\"> <figure class=\"wp-block-image size-large\"><img loading=\"lazy\" decoding=\"async\" width=\"720\" height=\"540\" data-id=\"2933\" src=\"https:\/\/www.garlic-processing.com\/wp-content\/uploads\/2025\/11\/Air-Freight.webp\" alt=\"Hava Kargo\" class=\"wp-image-2933\" title=\"\" srcset=\"https:\/\/garlic-processing.com\/wp-content\/uploads\/2025\/11\/Air-Freight.webp 720w, https:\/\/garlic-processing.com\/wp-content\/uploads\/2025\/11\/Air-Freight-300x225.webp 300w, https:\/\/garlic-processing.com\/wp-content\/uploads\/2025\/11\/Air-Freight-16x12.webp 16w\" sizes=\"auto, (max-width: 720px) 100vw, 720px\" \/><figcaption class=\"wp-element-caption\">Hava Kargo<\/figcaption><\/figure>    <figure class=\"wp-block-image size-large\"><img loading=\"lazy\" decoding=\"async\" width=\"720\" height=\"540\" data-id=\"2935\" src=\"https:\/\/www.garlic-processing.com\/wp-content\/uploads\/2025\/11\/Sea-Freight.webp\" alt=\"Deniz Yolu Ta\u015f\u0131mac\u0131l\u0131\u011f\u0131\" class=\"wp-image-2935\" title=\"\" srcset=\"https:\/\/garlic-processing.com\/wp-content\/uploads\/2025\/11\/Sea-Freight.webp 720w, https:\/\/garlic-processing.com\/wp-content\/uploads\/2025\/11\/Sea-Freight-300x225.webp 300w, https:\/\/garlic-processing.com\/wp-content\/uploads\/2025\/11\/Sea-Freight-16x12.webp 16w\" sizes=\"auto, (max-width: 720px) 100vw, 720px\" \/><figcaption class=\"wp-element-caption\">Deniz Yolu Ta\u015f\u0131mac\u0131l\u0131\u011f\u0131<\/figcaption><\/figure>    <figure class=\"wp-block-image size-large\"><img loading=\"lazy\" decoding=\"async\" width=\"720\" height=\"540\" data-id=\"2934\" src=\"https:\/\/www.garlic-processing.com\/wp-content\/uploads\/2025\/11\/Rail-Freight.webp\" alt=\"Demiryolu Ta\u015f\u0131mac\u0131l\u0131\u011f\u0131\" class=\"wp-image-2934\" title=\"\" srcset=\"https:\/\/garlic-processing.com\/wp-content\/uploads\/2025\/11\/Rail-Freight.webp 720w, https:\/\/garlic-processing.com\/wp-content\/uploads\/2025\/11\/Rail-Freight-300x225.webp 300w, https:\/\/garlic-processing.com\/wp-content\/uploads\/2025\/11\/Rail-Freight-16x12.webp 16w\" sizes=\"auto, (max-width: 720px) 100vw, 720px\" \/><figcaption class=\"wp-element-caption\">Demiryolu Ta\u015f\u0131mac\u0131l\u0131\u011f\u0131<\/figcaption><\/figure> <\/figure>    <h2 class=\"wp-block-heading\"><strong><b><mark style=\"background-color:rgba(0, 0, 0, 0)\" class=\"has-inline-color has-green-color\">Kalite Kontrol ve Hizmetimiz<\/mark> <\/b><\/strong><\/h2>    <p>Her zaman m\u00fckemmellik i\u00e7in \u00e7abal\u0131yoruz. \u0130yi e\u011fitimli bir i\u015f g\u00fcc\u00fc, s\u0131k\u0131 kalite g\u00fcvence sistemi, t\u00fcm \u00fcretim s\u00fcrecinin optimize y\u00f6netimi ve m\u00fckemmel sat\u0131\u015f sonras\u0131 hizmet sistemleri sayesinde \u00fcr\u00fcnlerimiz ve hizmetlerimiz yerli ve yurtd\u0131\u015f\u0131 m\u00fc\u015fteriler taraf\u0131ndan y\u00fcksek takdir g\u00f6rmektedir. <\/p>    <p>Kalite odakl\u0131, iyi itibar ve m\u00fc\u015fteri \u00f6ncelikli ilke \u00fczerine kurulu olan firmam\u0131z, ilgili sekt\u00f6rler aras\u0131nda y\u00fcksek kaliteli \u00fcr\u00fcnler yaratmaya ve b\u00fcy\u00fck ba\u015far\u0131lar elde etmeye inan\u00e7la ba\u011fl\u0131d\u0131r. \u00dcst\u00fcn kalite \u00fcr\u00fcnler ve tatmin edici hizmetler sunmaya b\u00fcy\u00fck \u00f6nem veriyoruz ve onlarla samimi i\u015fbirli\u011fi yapmay\u0131 d\u00f6rt g\u00f6zle bekliyoruz.&nbsp;<\/p>    <p>\u015eirketimiz, uygulamada yenilik yapmay\u0131 ve \u00fcretimden sat\u0131\u015fa kadar g\u00fcvenilir bir garanti sunmay\u0131 ama\u00e7lamaktad\u0131r. Kalite beyan\u0131m\u0131z, tek bir kelimeye dayan\u0131r\u2014taahh\u00fct\u2014tar\u0131m, \u00e7ift\u00e7iler ve \u00fcr\u00fcn t\u00fcketicileri i\u00e7in, ve bunu her g\u00fcn yerine getirmeye \u00e7al\u0131\u015f\u0131yoruz.<\/p>    <h2 class=\"wp-block-heading\"><mark style=\"background-color:rgba(0, 0, 0, 0);color:#00d084\" class=\"has-inline-color\">Daha Ak\u0131ll\u0131, Daha Verimli Bir Gelecek i\u00e7in Shuliy Grubu ile ortakl\u0131k kurun.<\/mark><\/h2>    <p>M\u00fc\u015fteri odakl\u0131 yenilik ve teknolojik m\u00fckemmeliyeti \u00f6n planda tutuyoruz, k\u00fcresel end\u00fcstriyel makine sekt\u00f6r\u00fcnde bir referans olmaya \u00e7al\u0131\u015f\u0131yoruz. \u0130\u015fletmenizin nerede olursa olsun, Shuliy Group profesyonel, g\u00fcvenilir ve y\u00fcksek performansl\u0131 \u00e7\u00f6z\u00fcmler sunar.<\/p>    <p>\u00d6zelle\u015ftirilmi\u015f teklif i\u00e7in bizimle ileti\u015fime ge\u00e7in!.<\/p>    <figure class=\"wp-block-image aligncenter size-full\"><img loading=\"lazy\" decoding=\"async\" width=\"720\" height=\"540\" src=\"https:\/\/www.garlic-processing.com\/wp-content\/uploads\/2025\/07\/Cooperative-Clients.webp\" alt=\"Bu sar\u0131msak tozu paketleme makinesi tamamen\u2026\" class=\"wp-image-2712\" title=\"\" srcset=\"https:\/\/garlic-processing.com\/wp-content\/uploads\/2025\/07\/Cooperative-Clients.webp 720w, https:\/\/garlic-processing.com\/wp-content\/uploads\/2025\/07\/Cooperative-Clients-300x225.webp 300w, https:\/\/garlic-processing.com\/wp-content\/uploads\/2025\/07\/Cooperative-Clients-16x12.webp 16w\" sizes=\"auto, (max-width: 720px) 100vw, 720px\" \/><figcaption class=\"wp-element-caption\">Bu sar\u0131msak tozu paketleme makinesi tamamen\u2026<\/figcaption><\/figure>    <p><\/p>","protected":false},"excerpt":{"rendered":"<p>Our Company Location Zhengzhou Shuliy Machinery Co., Ltd., with over 20 years of experience in machinery manufacturing, is a well-established enterprise integrating research, development, design, manufacturing, and sales. Located in the Zhengzhou Economic and Technological Development Zone\u2014a vibrant commercial and industrial hub\u2014the company focuses mainly on the export of various machinery and equipment. Shuliy also [&hellip;]<\/p>\n","protected":false},"author":1,"featured_media":0,"parent":0,"menu_order":0,"comment_status":"closed","ping_status":"closed","template":"","meta":{"footnotes":""},"class_list":["post-6","page","type-page","status-publish","hentry"],"_links":{"self":[{"href":"https:\/\/garlic-processing.com\/tr\/wp-json\/wp\/v2\/pages\/6","targetHints":{"allow":["GET"]}}],"collection":[{"href":"https:\/\/garlic-processing.com\/tr\/wp-json\/wp\/v2\/pages"}],"about":[{"href":"https:\/\/garlic-processing.com\/tr\/wp-json\/wp\/v2\/types\/page"}],"author":[{"embeddable":true,"href":"https:\/\/garlic-processing.com\/tr\/wp-json\/wp\/v2\/users\/1"}],"replies":[{"embeddable":true,"href":"https:\/\/garlic-processing.com\/tr\/wp-json\/wp\/v2\/comments?post=6"}],"version-history":[{"count":0,"href":"https:\/\/garlic-processing.com\/tr\/wp-json\/wp\/v2\/pages\/6\/revisions"}],"wp:attachment":[{"href":"https:\/\/garlic-processing.com\/tr\/wp-json\/wp\/v2\/media?parent=6"}],"curies":[{"name":"wp","href":"https:\/\/api.w.org\/{rel}","templated":true}]}}