{"id":8,"date":"2018-08-20T07:09:24","date_gmt":"2018-08-20T07:09:24","guid":{"rendered":"http:\/\/www.garlic-processing.com\/?page_id=8"},"modified":"2025-10-31T17:31:05","modified_gmt":"2025-10-31T09:31:05","slug":"contact-us","status":"publish","type":"page","link":"https:\/\/garlic-processing.com\/tr\/contact-us\/","title":{"rendered":"Bize Ula\u015f\u0131n"},"content":{"rendered":"<div class=\"col-md-6\"><img decoding=\"async\" src=\"https:\/\/garlic-processing.com\/wp-content\/uploads\/2018\/09\/company-1.jpg\" alt=\"\u8212\u5229\" title=\"\"><\/div> <div>\u00a0<\/div> <h2 class=\"col-md-6\">Zhengzhou Shuliy Machinery Co, Ltd<\/h2> <div>\u00a0<\/div> <div class=\"col-md-6\"><strong>E-posta: info@garlic-processing.com<\/strong><\/div> <div>\u00a0<\/div> <div><strong><strong>WhatsApp\/Tel: <a href=\"https:\/\/wa.me\/+8619139761487\" target=\"_blank\" rel=\"noopener\">+86 19139761487. <\/a><\/strong><\/strong><strong><strong>Bize do\u011frudan sohbet etmek ve an\u0131nda dan\u0131\u015fmanl\u0131k almak i\u00e7in bu WhatsApp ba\u011flant\u0131s\u0131na t\u0131klayabilirsiniz.<a href=\"https:\/\/wa.me\/+8619139761487\" target=\"_blank\" rel=\"noopener\"><br \/><\/a><\/strong><\/strong><\/div> <div>\u00a0<\/div> <div class=\"col-md-6\"><strong>Adres: Do\u011fu Deniz Yolu, Zhengzhou Ekonomik Kalk\u0131nma B\u00f6lgesi, Henan, \u00c7in.<\/strong><\/div> <div>\u00a0<\/div> <div class=\"col-md-6\"><strong>Herhangi bir soru\u015fturma, a\u00e7\u0131klama veya sipari\u015finizi i\u015fleme koymak i\u00e7in l\u00fctfen bizimle ileti\u015fime ge\u00e7in.<\/strong><\/div> <div>\u00a0<\/div> <div class=\"col-md-6\"><strong>Zhengzhou Shuliy Machinery Co., Ltd'ye g\u00f6sterdi\u011finiz ilgi i\u00e7in te\u015fekk\u00fcr ederiz. L\u00fctfen soru\u015fturma bilgilerinizi bize g\u00f6ndermekten \u00e7ekinmeyin. Sat\u0131\u015f y\u00f6neticimiz sizinle en k\u0131sa s\u00fcrede ileti\u015fime ge\u00e7ecektir.<\/strong><\/div>   <p><\/p>","protected":false},"excerpt":{"rendered":"<p>\u00a0 Zhengzhou Shuliy Machinery Co., Ltd \u00a0 Email: info@garlic-processing.com \u00a0 WhatsApp\/Tel: +86 19139761487. You can click this WhatsApp link to chat with us directly and get instant consultation. \u00a0 Address: Nautical Road East, Zhengzhou Economic Development Zone, Henan, China. \u00a0 Please contact us for any inquiry, clarification or to process your order. \u00a0 Thank you [&hellip;]<\/p>\n","protected":false},"author":1,"featured_media":0,"parent":0,"menu_order":0,"comment_status":"closed","ping_status":"closed","template":"","meta":{"footnotes":""},"class_list":["post-8","page","type-page","status-publish","hentry"],"_links":{"self":[{"href":"https:\/\/garlic-processing.com\/tr\/wp-json\/wp\/v2\/pages\/8","targetHints":{"allow":["GET"]}}],"collection":[{"href":"https:\/\/garlic-processing.com\/tr\/wp-json\/wp\/v2\/pages"}],"about":[{"href":"https:\/\/garlic-processing.com\/tr\/wp-json\/wp\/v2\/types\/page"}],"author":[{"embeddable":true,"href":"https:\/\/garlic-processing.com\/tr\/wp-json\/wp\/v2\/users\/1"}],"replies":[{"embeddable":true,"href":"https:\/\/garlic-processing.com\/tr\/wp-json\/wp\/v2\/comments?post=8"}],"version-history":[{"count":0,"href":"https:\/\/garlic-processing.com\/tr\/wp-json\/wp\/v2\/pages\/8\/revisions"}],"wp:attachment":[{"href":"https:\/\/garlic-processing.com\/tr\/wp-json\/wp\/v2\/media?parent=8"}],"curies":[{"name":"wp","href":"https:\/\/api.w.org\/{rel}","templated":true}]}}