{"id":6,"date":"2018-08-20T07:08:50","date_gmt":"2018-08-20T07:08:50","guid":{"rendered":"http:\/\/www.garlic-processing.com\/?page_id=6"},"modified":"2025-11-27T14:31:02","modified_gmt":"2025-11-27T06:31:02","slug":"about-us","status":"publish","type":"page","link":"https:\/\/garlic-processing.com\/vi\/about-us\/","title":{"rendered":"V\u1ec1 ch\u00fang t\u00f4i"},"content":{"rendered":"<div class=\"wp-block-columns is-layout-flex wp-container-core-columns-is-layout-9d6595d7 wp-block-columns-is-layout-flex\"> <div class=\"wp-block-column is-vertically-aligned-top is-layout-flow wp-block-column-is-layout-flow\"> <h2 class=\"wp-block-heading\"><strong><mark style=\"background-color:rgba(0, 0, 0, 0)\" class=\"has-inline-color has-green-color\">V\u1ecb tr\u00ed c\u00f4ng ty c\u1ee7a ch\u00fang t\u00f4i <\/mark><\/strong><\/h2>    <p class=\"translation-block\"><strong>C\u00f4ng ty TNHH M\u00e1y m\u00f3c Shuliy Zhengzhou<\/strong>, v\u1edbi h\u01a1n 20 n\u0103m kinh nghi\u1ec7m trong l\u0129nh v\u1ef1c s\u1ea3n xu\u1ea5t m\u00e1y m\u00f3c, l\u00e0 m\u1ed9t doanh nghi\u1ec7p c\u00f3 uy t\u00edn, t\u00edch h\u1ee3p nghi\u00ean c\u1ee9u, ph\u00e1t tri\u1ec3n, thi\u1ebft k\u1ebf, s\u1ea3n xu\u1ea5t v\u00e0 b\u00e1n h\u00e0ng. N\u1eb1m trong Khu ph\u00e1t tri\u1ec3n kinh t\u1ebf v\u00e0 c\u00f4ng ngh\u1ec7 Zhengzhou \u2014 trung t\u00e2m th\u01b0\u01a1ng m\u1ea1i v\u00e0 c\u00f4ng nghi\u1ec7p s\u00f4i \u0111\u1ed9ng \u2014 c\u00f4ng ty ch\u1ee7 y\u1ebfu t\u1eadp trung v\u00e0o xu\u1ea5t kh\u1ea9u c\u00e1c lo\u1ea1i m\u00e1y m\u00f3c v\u00e0 thi\u1ebft b\u1ecb kh\u00e1c nhau.<\/p>    <p class=\"translation-block\">Shuliy c\u0169ng v\u1eadn h\u00e0nh c\u00f4ng ty con <strong>Taizy<\/strong>, chuy\u00ean v\u1ec1 m\u00e1y m\u00f3c ch\u1ebf bi\u1ebfn th\u1ef1c ph\u1ea9m v\u00e0 c\u00e1c gi\u1ea3i ph\u00e1p s\u1ea3n xu\u1ea5t t\u00f9y ch\u1ec9nh, n\u00e2ng cao kh\u1ea3 n\u0103ng d\u1ecbch v\u1ee5 to\u00e0n c\u1ea7u v\u00e0 kh\u1ea3 n\u0103ng c\u1ea1nh tranh c\u1ee7a c\u00f4ng ty.<\/p>    <p class=\"translation-block\"><em><strong><mark class=\"has-inline-color has-green-color\">\u0110\u1ecba ch\u1ec9 chi ti\u1ebft:<\/mark><\/strong> <\/em>\u00a0<em><strong>S\u1ed1 1394 \u0110\u01b0\u1eddng \u0110\u00f4ng Hanghai, Khu ph\u00e1t tri\u1ec3n kinh t\u1ebf v\u00e0 c\u00f4ng ngh\u1ec7, Zhengzhou, Trung Qu\u1ed1c<\/strong><\/em><\/p>    <figure class=\"wp-block-gallery has-nested-images columns-default is-cropped wp-block-gallery-2 is-layout-flex wp-block-gallery-is-layout-flex\"> <figure class=\"wp-block-image size-large\"><img loading=\"lazy\" decoding=\"async\" width=\"1024\" height=\"536\" data-id=\"1526\" src=\"https:\/\/www.garlic-processing.com\/wp-content\/uploads\/2022\/03\/shuliy-machinery-factory-1024x536.jpg\" alt=\"\" class=\"wp-image-1526\" title=\"\" srcset=\"https:\/\/garlic-processing.com\/wp-content\/uploads\/2022\/03\/shuliy-machinery-factory-1024x536.jpg 1024w, https:\/\/garlic-processing.com\/wp-content\/uploads\/2022\/03\/shuliy-machinery-factory-300x157.jpg 300w, https:\/\/garlic-processing.com\/wp-content\/uploads\/2022\/03\/shuliy-machinery-factory-768x402.jpg 768w, https:\/\/garlic-processing.com\/wp-content\/uploads\/2022\/03\/shuliy-machinery-factory.jpg 1352w\" sizes=\"auto, (max-width: 1024px) 100vw, 1024px\" \/><\/figure>    <figure class=\"wp-block-image size-large\"><img loading=\"lazy\" decoding=\"async\" width=\"800\" height=\"533\" data-id=\"306\" src=\"https:\/\/www.garlic-processing.com\/wp-content\/uploads\/2018\/09\/company-1.jpg\" alt=\"\" class=\"wp-image-306\" title=\"\" srcset=\"https:\/\/garlic-processing.com\/wp-content\/uploads\/2018\/09\/company-1.jpg 800w, https:\/\/garlic-processing.com\/wp-content\/uploads\/2018\/09\/company-1-300x200.jpg 300w, https:\/\/garlic-processing.com\/wp-content\/uploads\/2018\/09\/company-1-768x512.jpg 768w\" sizes=\"auto, (max-width: 800px) 100vw, 800px\" \/><\/figure> <\/figure> <\/div> <\/div>    <h2 class=\"wp-block-heading\"><strong><b><mark style=\"background-color:rgba(0, 0, 0, 0)\" class=\"has-inline-color has-green-color\">S\u1ea3n ph\u1ea9m v\u00e0 th\u1ecb tr\u01b0\u1eddng ch\u00ednh c\u1ee7a ch\u00fang t\u00f4i<\/mark><\/b><\/strong><\/h2>    <p class=\"translation-block\">C\u00e1c s\u1ea3n ph\u1ea9m ch\u00ednh c\u1ee7a ch\u00fang t\u00f4i bao g\u1ed3m <strong><a href=\"https:\/\/garlic-processing.com\/vi\/garlic-separator-machine.html\/\">m\u00e1y t\u00e1ch t\u1ecfi<\/a><\/strong>, m\u00e1y b\u00f3c v\u1ecf t\u1ecfi, m\u00e1y c\u1eaft l\u00e1t t\u1ecfi, <strong><a href=\"https:\/\/garlic-processing.com\/vi\/garlic-grinder-stainless-steel-grinding-machine.html\/\">m\u00e1y nghi\u1ec1n t\u1ecfi<\/a><\/strong>, m\u00e1y s\u1ea5y t\u1ecfi, m\u00e1y l\u00e0m past t\u1ecfi, m\u00e1y \u0111\u00f3ng g\u00f3i b\u1ed9t t\u1ecfi, v\u00e0 nhi\u1ec1u h\u01a1n n\u1eefa. Trong nh\u1eefng n\u0103m g\u1ea7n \u0111\u00e2y, c\u00e1c s\u1ea3n ph\u1ea9m c\u1ee7a ch\u00fang t\u00f4i \u0111\u00e3 r\u1ea5t ph\u1ed5 bi\u1ebfn t\u1ea1i c\u00e1c th\u1ecb tr\u01b0\u1eddng ch\u00e2u Phi v\u00e0 \u0110\u00f4ng Nam \u00c1, nh\u01b0 Serbia, C\u1ed9ng h\u00f2a S\u00e9c, Malaysia, Singapore, Th\u00e1i Lan, Ba Lan, M\u1ef9, Ph\u00e1p, \u1ea2 R\u1eadp Saudi, B\u1edd Bi\u1ec3n Ng\u00e0, M\u1ef9, Peru, \u00dd, Hungary, Jamaica v\u00e0 nhi\u1ec1u n\u01a1i kh\u00e1c.<\/p>    <figure class=\"wp-block-image aligncenter size-full\"><img loading=\"lazy\" decoding=\"async\" width=\"720\" height=\"540\" src=\"https:\/\/www.garlic-processing.com\/wp-content\/uploads\/2025\/11\/Market-distribution.webp\" alt=\"Ph\u00e2n ph\u1ed1i th\u1ecb tr\u01b0\u1eddng\" class=\"wp-image-2929\" title=\"\" srcset=\"https:\/\/garlic-processing.com\/wp-content\/uploads\/2025\/11\/Market-distribution.webp 720w, https:\/\/garlic-processing.com\/wp-content\/uploads\/2025\/11\/Market-distribution-300x225.webp 300w, https:\/\/garlic-processing.com\/wp-content\/uploads\/2025\/11\/Market-distribution-16x12.webp 16w\" sizes=\"auto, (max-width: 720px) 100vw, 720px\" \/><figcaption class=\"wp-element-caption\">Ph\u00e2n ph\u1ed1i th\u1ecb tr\u01b0\u1eddng<\/figcaption><\/figure>    <h2 class=\"wp-block-heading\"><mark style=\"background-color:rgba(0, 0, 0, 0)\" class=\"has-inline-color has-green-color\">Nh\u1eefng \u0111i\u1ec3m m\u1ea1nh c\u1ed1t l\u00f5i c\u1ee7a ch\u00fang t\u00f4i<\/mark><\/h2>    <h3 class=\"wp-block-heading\"><mark style=\"background-color:rgba(0, 0, 0, 0)\" class=\"has-inline-color has-green-color\">Gi\u1ea3i ph\u00e1p thi\u1ebft b\u1ecb c\u00f4ng nghi\u1ec7p to\u00e0n di\u1ec7n<\/mark><\/h3>    <ul class=\"wp-block-list\"> <li>T\u1eeb c\u00e1c m\u00e1y m\u00f3c \u0111\u1ed9c l\u1eadp \u0111\u1ebfn d\u00e2y chuy\u1ec1n s\u1ea3n xu\u1ea5t ho\u00e0n ch\u1ec9nh, ch\u00fang t\u00f4i cung c\u1ea5p thi\u1ebft k\u1ebf t\u00f9y ch\u1ec9nh, s\u1ea3n xu\u1ea5t, l\u1eafp \u0111\u1eb7t v\u00e0 h\u1ed7 tr\u1ee3 sau b\u00e1n h\u00e0ng \u0111\u1ec3 \u0111\u1ea3m b\u1ea3o th\u1ef1c hi\u1ec7n d\u1ef1 \u00e1n su\u00f4n s\u1ebb.<\/li>    <li>Kinh nghi\u1ec7m phong ph\u00fa trong c\u00e1c d\u1ef1 \u00e1n ch\u00ednh ph\u1ee7 (v\u00ed d\u1ee5, c\u00e1c \u0111\u1ea5u th\u1ea7u c\u1ee7a ch\u00ednh ph\u1ee7 Nigeria) \u0111\u1ea3m b\u1ea3o ch\u00fang t\u00f4i \u0111\u00e1p \u1ee9ng c\u00e1c y\u00eau c\u1ea7u c\u00f4ng nghi\u1ec7p quy m\u00f4 l\u1edbn.<\/li> <\/ul>    <h3 class=\"wp-block-heading\"><strong><mark style=\"background-color:rgba(0, 0, 0, 0)\" class=\"has-inline-color has-green-color\">\u0110\u1ea3m b\u1ea3o ch\u1ea5t l\u01b0\u1ee3ng nghi\u00eam ng\u1eb7t<\/mark><\/strong><\/h3>    <ul class=\"wp-block-list\"> <li>\u0110\u01b0\u1ee3c ch\u1ee9ng nh\u1eadn ISO9001, CE v\u00e0 c\u00e1c ti\u00eau chu\u1ea9n qu\u1ed1c t\u1ebf kh\u00e1c, \u0111\u1ea3m b\u1ea3o tu\u00e2n th\u1ee7 c\u00e1c y\u00eau c\u1ea7u c\u1ee7a th\u1ecb tr\u01b0\u1eddng to\u00e0n c\u1ea7u.<\/li>    <li>K\u1ef9 thu\u1eadt ch\u00ednh x\u00e1c v\u00e0 ki\u1ec3m so\u00e1t ch\u1ea5t l\u01b0\u1ee3ng nghi\u00eam ng\u1eb7t \u0111\u1ea3m b\u1ea3o \u0111\u1ed9 tin c\u1eady v\u00e0 hi\u1ec7u su\u1ea5t l\u00e2u d\u00e0i.<\/li> <\/ul>    <figure class=\"wp-block-image aligncenter size-full\"><img loading=\"lazy\" decoding=\"async\" width=\"519\" height=\"720\" src=\"https:\/\/www.garlic-processing.com\/wp-content\/uploads\/2025\/11\/ISO9001.webp\" alt=\"ISO9001\" class=\"wp-image-2921\" title=\"\" srcset=\"https:\/\/garlic-processing.com\/wp-content\/uploads\/2025\/11\/ISO9001.webp 519w, https:\/\/garlic-processing.com\/wp-content\/uploads\/2025\/11\/ISO9001-216x300.webp 216w, https:\/\/garlic-processing.com\/wp-content\/uploads\/2025\/11\/ISO9001-9x12.webp 9w\" sizes=\"auto, (max-width: 519px) 100vw, 519px\" \/><figcaption class=\"wp-element-caption\">ISO9001<\/figcaption><\/figure>    <h3 class=\"wp-block-heading\"><strong><mark style=\"background-color:rgba(0, 0, 0, 0)\" class=\"has-inline-color has-green-color\">M\u1ea1ng l\u01b0\u1edbi d\u1ecbch v\u1ee5 to\u00e0n c\u1ea7u<\/mark><\/strong><\/h3>    <ul class=\"wp-block-list\"> <li>H\u1ed7 tr\u1ee3 k\u1ef9 thu\u1eadt 24\/7 \u0111\u1ec3 ph\u1ea3n \u1ee9ng nhanh ch\u00f3ng v\u00e0 x\u1eed l\u00fd s\u1ef1 c\u1ed1.<\/li>    <li>Tr\u1ee5 s\u1edf chi\u1ebfn l\u01b0\u1ee3c \u0111\u1eb7t t\u1ea1i Tr\u1ecbnh Ch\u00e2u, Trung Qu\u1ed1c \u2014 trung t\u00e2m logistics to\u00e0n c\u1ea7u \u2014 gi\u00fap cung c\u1ea5p c\u00e1c gi\u1ea3i ph\u00e1p v\u1eadn chuy\u1ec3n h\u00e0ng h\u00f3a b\u1eb1ng \u0111\u01b0\u1eddng b\u1ed9, h\u00e0ng kh\u00f4ng v\u00e0 \u0111\u01b0\u1eddng bi\u1ec3n ti\u1ebft ki\u1ec7m chi ph\u00ed \u0111\u1ec3 gi\u1ea3m thi\u1ec3u chi ph\u00ed chu\u1ed7i cung \u1ee9ng.<\/li> <\/ul>    <figure class=\"wp-block-gallery has-nested-images columns-default is-cropped wp-block-gallery-3 is-layout-flex wp-block-gallery-is-layout-flex\"> <figure class=\"wp-block-image size-large\"><img loading=\"lazy\" decoding=\"async\" width=\"720\" height=\"540\" data-id=\"2933\" src=\"https:\/\/www.garlic-processing.com\/wp-content\/uploads\/2025\/11\/Air-Freight.webp\" alt=\"V\u1eadn chuy\u1ec3n b\u1eb1ng \u0111\u01b0\u1eddng h\u00e0ng kh\u00f4ng\" class=\"wp-image-2933\" title=\"\" srcset=\"https:\/\/garlic-processing.com\/wp-content\/uploads\/2025\/11\/Air-Freight.webp 720w, https:\/\/garlic-processing.com\/wp-content\/uploads\/2025\/11\/Air-Freight-300x225.webp 300w, https:\/\/garlic-processing.com\/wp-content\/uploads\/2025\/11\/Air-Freight-16x12.webp 16w\" sizes=\"auto, (max-width: 720px) 100vw, 720px\" \/><figcaption class=\"wp-element-caption\">V\u1eadn chuy\u1ec3n b\u1eb1ng \u0111\u01b0\u1eddng h\u00e0ng kh\u00f4ng<\/figcaption><\/figure>    <figure class=\"wp-block-image size-large\"><img loading=\"lazy\" decoding=\"async\" width=\"720\" height=\"540\" data-id=\"2935\" src=\"https:\/\/www.garlic-processing.com\/wp-content\/uploads\/2025\/11\/Sea-Freight.webp\" alt=\"V\u1eadn chuy\u1ec3n b\u1eb1ng \u0111\u01b0\u1eddng bi\u1ec3n\" class=\"wp-image-2935\" title=\"\" srcset=\"https:\/\/garlic-processing.com\/wp-content\/uploads\/2025\/11\/Sea-Freight.webp 720w, https:\/\/garlic-processing.com\/wp-content\/uploads\/2025\/11\/Sea-Freight-300x225.webp 300w, https:\/\/garlic-processing.com\/wp-content\/uploads\/2025\/11\/Sea-Freight-16x12.webp 16w\" sizes=\"auto, (max-width: 720px) 100vw, 720px\" \/><figcaption class=\"wp-element-caption\">V\u1eadn chuy\u1ec3n b\u1eb1ng \u0111\u01b0\u1eddng bi\u1ec3n<\/figcaption><\/figure>    <figure class=\"wp-block-image size-large\"><img loading=\"lazy\" decoding=\"async\" width=\"720\" height=\"540\" data-id=\"2934\" src=\"https:\/\/www.garlic-processing.com\/wp-content\/uploads\/2025\/11\/Rail-Freight.webp\" alt=\"V\u1eadn chuy\u1ec3n b\u1eb1ng \u0111\u01b0\u1eddng s\u1eaft\" class=\"wp-image-2934\" title=\"\" srcset=\"https:\/\/garlic-processing.com\/wp-content\/uploads\/2025\/11\/Rail-Freight.webp 720w, https:\/\/garlic-processing.com\/wp-content\/uploads\/2025\/11\/Rail-Freight-300x225.webp 300w, https:\/\/garlic-processing.com\/wp-content\/uploads\/2025\/11\/Rail-Freight-16x12.webp 16w\" sizes=\"auto, (max-width: 720px) 100vw, 720px\" \/><figcaption class=\"wp-element-caption\">V\u1eadn chuy\u1ec3n b\u1eb1ng \u0111\u01b0\u1eddng s\u1eaft<\/figcaption><\/figure> <\/figure>    <h2 class=\"wp-block-heading\"><strong><b><mark style=\"background-color:rgba(0, 0, 0, 0)\" class=\"has-inline-color has-green-color\">QC v\u00e0 d\u1ecbch v\u1ee5 c\u1ee7a ch\u00fang t\u00f4i<\/mark> <\/b><\/strong><\/h2>    <p>Ch\u00fang t\u00f4i lu\u00f4n h\u01b0\u1edbng t\u1edbi s\u1ef1 xu\u1ea5t s\u1eafc. Nh\u1edd \u0111\u1ed9i ng\u0169 nh\u00e2n vi\u00ean \u0111\u01b0\u1ee3c \u0111\u00e0o t\u1ea1o b\u00e0i b\u1ea3n, h\u1ec7 th\u1ed1ng \u0111\u1ea3m b\u1ea3o ch\u1ea5t l\u01b0\u1ee3ng nghi\u00eam ng\u1eb7t, qu\u1ea3n l\u00fd t\u1ed1i \u01b0u to\u00e0n b\u1ed9 quy tr\u00ecnh s\u1ea3n xu\u1ea5t v\u00e0 h\u1ec7 th\u1ed1ng d\u1ecbch v\u1ee5 h\u1eadu m\u00e3i ho\u00e0n h\u1ea3o, c\u00e1c s\u1ea3n ph\u1ea9m v\u00e0 d\u1ecbch v\u1ee5 c\u1ee7a ch\u00fang t\u00f4i nh\u1eadn \u0111\u01b0\u1ee3c s\u1ef1 \u0111\u00e1nh gi\u00e1 cao t\u1eeb kh\u00e1ch h\u00e0ng trong v\u00e0 ngo\u00e0i n\u01b0\u1edbc. <\/p>    <p>D\u1ef1a tr\u00ean nguy\u00ean t\u1eafc l\u1ea5y ch\u1ea5t l\u01b0\u1ee3ng l\u00e0m trung t\u00e2m, danh ti\u1ebfng t\u1ed1t v\u00e0 kh\u00e1ch h\u00e0ng l\u00e0 tr\u00ean h\u1ebft, ch\u00fang t\u00f4i gi\u1eef v\u1eefng ni\u1ec1m tin \u0111\u1ec3 t\u1ea1o ra c\u00e1c s\u1ea3n ph\u1ea9m ch\u1ea5t l\u01b0\u1ee3ng cao trong c\u00e1c ng\u00e0nh li\u00ean quan v\u00e0 \u0111\u1ea1t th\u00e0nh t\u00edch xu\u1ea5t s\u1eafc qua nhi\u1ec1u th\u1ebf h\u1ec7. Ch\u00fang t\u00f4i cam k\u1ebft cung c\u1ea5p c\u00e1c s\u1ea3n ph\u1ea9m ch\u1ea5t l\u01b0\u1ee3ng cao v\u00e0 d\u1ecbch v\u1ee5 h\u00e0i l\u00f2ng cho t\u1ea5t c\u1ea3 kh\u00e1ch h\u00e0ng, v\u00e0 mong mu\u1ed1n h\u1ee3p t\u00e1c ch\u00e2n th\u00e0nh v\u1edbi h\u1ecd \u0111\u1ec3 c\u00f3 m\u1ed9t t\u01b0\u01a1ng lai t\u01b0\u01a1i s\u00e1ng.&nbsp;<\/p>    <p>C\u00f4ng ty ch\u00fang t\u00f4i h\u01b0\u1edbng t\u1edbi \u0111\u1ed5i m\u1edbi trong th\u1ef1c ti\u1ec5n v\u00e0 cung c\u1ea5p s\u1ef1 \u0111\u1ea3m b\u1ea3o \u0111\u00e1ng tin c\u1eady t\u1eeb s\u1ea3n xu\u1ea5t \u0111\u1ebfn b\u00e1n h\u00e0ng. Tuy\u00ean ng\u00f4n v\u1ec1 ch\u1ea5t l\u01b0\u1ee3ng c\u1ee7a ch\u00fang t\u00f4i ch\u1ec9 g\u00f3i g\u1ecdn trong m\u1ed9t t\u1eeb \u2014 cam k\u1ebft \u2014 \u0111\u1ed1i v\u1edbi n\u00f4ng nghi\u1ec7p, n\u00f4ng d\u00e2n v\u00e0 ng\u01b0\u1eddi ti\u00eau d\u00f9ng s\u1ea3n ph\u1ea9m, \u0111i\u1ec1u m\u00e0 ch\u00fang t\u00f4i c\u1ed1 g\u1eafng th\u1ef1c hi\u1ec7n m\u1ed7i ng\u00e0y.<\/p>    <h2 class=\"wp-block-heading\"><mark style=\"background-color:rgba(0, 0, 0, 0);color:#00d084\" class=\"has-inline-color\">H\u1ee3p t\u00e1c v\u1edbi T\u1eadp \u0111o\u00e0n Shuliy \u0111\u1ec3 c\u00f3 m\u1ed9t t\u01b0\u01a1ng lai th\u00f4ng minh v\u00e0 hi\u1ec7u qu\u1ea3 h\u01a1n.<\/mark><\/h2>    <p>Ch\u00fang t\u00f4i \u01b0u ti\u00ean \u0111\u1ed5i m\u1edbi l\u1ea5y kh\u00e1ch h\u00e0ng l\u00e0m trung t\u00e2m v\u00e0 xu\u1ea5t s\u1eafc v\u1ec1 c\u00f4ng ngh\u1ec7, c\u1ed1 g\u1eafng tr\u1edf th\u00e0nh ti\u00eau chu\u1ea9n trong ng\u00e0nh c\u00f4ng nghi\u1ec7p m\u00e1y m\u00f3c to\u00e0n c\u1ea7u. D\u00f9 ho\u1ea1t \u0111\u1ed9ng c\u1ee7a b\u1ea1n \u1edf \u0111\u00e2u, T\u1eadp \u0111o\u00e0n Shuliy \u0111\u1ec1u cung c\u1ea5p c\u00e1c gi\u1ea3i ph\u00e1p chuy\u00ean nghi\u1ec7p, \u0111\u00e1ng tin c\u1eady v\u00e0 hi\u1ec7u su\u1ea5t cao.<\/p>    <p>Li\u00ean h\u1ec7 v\u1edbi ch\u00fang t\u00f4i \u0111\u1ec3 nh\u1eadn \u0111\u1ec1 xu\u1ea5t t\u00f9y ch\u1ec9nh!<\/p>    <figure class=\"wp-block-image aligncenter size-full\"><img loading=\"lazy\" decoding=\"async\" width=\"720\" height=\"540\" src=\"https:\/\/www.garlic-processing.com\/wp-content\/uploads\/2025\/07\/Cooperative-Clients.webp\" alt=\"10 m\u1ee5c\" class=\"wp-image-2712\" title=\"\" srcset=\"https:\/\/garlic-processing.com\/wp-content\/uploads\/2025\/07\/Cooperative-Clients.webp 720w, https:\/\/garlic-processing.com\/wp-content\/uploads\/2025\/07\/Cooperative-Clients-300x225.webp 300w, https:\/\/garlic-processing.com\/wp-content\/uploads\/2025\/07\/Cooperative-Clients-16x12.webp 16w\" sizes=\"auto, (max-width: 720px) 100vw, 720px\" \/><figcaption class=\"wp-element-caption\">10 m\u1ee5c<\/figcaption><\/figure>    <p><\/p>","protected":false},"excerpt":{"rendered":"<p>Our Company Location Zhengzhou Shuliy Machinery Co., Ltd., with over 20 years of experience in machinery manufacturing, is a well-established enterprise integrating research, development, design, manufacturing, and sales. Located in the Zhengzhou Economic and Technological Development Zone\u2014a vibrant commercial and industrial hub\u2014the company focuses mainly on the export of various machinery and equipment. Shuliy also [&hellip;]<\/p>\n","protected":false},"author":1,"featured_media":0,"parent":0,"menu_order":0,"comment_status":"closed","ping_status":"closed","template":"","meta":{"footnotes":""},"class_list":["post-6","page","type-page","status-publish","hentry"],"_links":{"self":[{"href":"https:\/\/garlic-processing.com\/vi\/wp-json\/wp\/v2\/pages\/6","targetHints":{"allow":["GET"]}}],"collection":[{"href":"https:\/\/garlic-processing.com\/vi\/wp-json\/wp\/v2\/pages"}],"about":[{"href":"https:\/\/garlic-processing.com\/vi\/wp-json\/wp\/v2\/types\/page"}],"author":[{"embeddable":true,"href":"https:\/\/garlic-processing.com\/vi\/wp-json\/wp\/v2\/users\/1"}],"replies":[{"embeddable":true,"href":"https:\/\/garlic-processing.com\/vi\/wp-json\/wp\/v2\/comments?post=6"}],"version-history":[{"count":0,"href":"https:\/\/garlic-processing.com\/vi\/wp-json\/wp\/v2\/pages\/6\/revisions"}],"wp:attachment":[{"href":"https:\/\/garlic-processing.com\/vi\/wp-json\/wp\/v2\/media?parent=6"}],"curies":[{"name":"wp","href":"https:\/\/api.w.org\/{rel}","templated":true}]}}