{"id":8,"date":"2018-08-20T07:09:24","date_gmt":"2018-08-20T07:09:24","guid":{"rendered":"http:\/\/www.garlic-processing.com\/?page_id=8"},"modified":"2025-10-31T17:31:05","modified_gmt":"2025-10-31T09:31:05","slug":"contact-us","status":"publish","type":"page","link":"https:\/\/garlic-processing.com\/vi\/contact-us\/","title":{"rendered":"Li\u00ean h\u1ec7 v\u1edbi ch\u00fang t\u00f4i"},"content":{"rendered":"<div class=\"col-md-6\"><img decoding=\"async\" src=\"https:\/\/garlic-processing.com\/wp-content\/uploads\/2018\/09\/company-1.jpg\" alt=\"\u8212\u5229\" title=\"\"><\/div> <div>\u00a0<\/div> <h2 class=\"col-md-6\">C\u00f4ng ty TNHH M\u00e1y m\u00f3c Zhengzhou Shuliy<\/h2> <div>\u00a0<\/div> <div class=\"col-md-6\"><strong>Email: info@garlic-processing.com<\/strong><\/div> <div>\u00a0<\/div> <div><strong><strong>WhatsApp\/Tel: <a href=\"https:\/\/wa.me\/+8619139761487\" target=\"_blank\" rel=\"noopener\">+86 19139761487. <\/a><\/strong><\/strong><strong><strong>B\u1ea1n c\u00f3 th\u1ec3 nh\u1ea5p v\u00e0o li\u00ean k\u1ebft WhatsApp n\u00e0y \u0111\u1ec3 tr\u00f2 chuy\u1ec7n tr\u1ef1c ti\u1ebfp v\u1edbi ch\u00fang t\u00f4i v\u00e0 nh\u1eadn t\u01b0 v\u1ea5n ngay l\u1eadp t\u1ee9c.<a href=\"https:\/\/wa.me\/+8619139761487\" target=\"_blank\" rel=\"noopener\"><br \/><\/a><\/strong><\/strong><\/div> <div>\u00a0<\/div> <div class=\"col-md-6\"><strong>\u0110\u1ecba ch\u1ec9: \u0110\u01b0\u1eddng H\u1ea3i l\u00fd ph\u00eda \u0110\u00f4ng, Khu ph\u00e1t tri\u1ec3n kinh t\u1ebf Tr\u1ecbnh Ch\u00e2u, H\u00e0 Nam, Trung Qu\u1ed1c.<\/strong><\/div> <div>\u00a0<\/div> <div class=\"col-md-6\"><strong>Vui l\u00f2ng li\u00ean h\u1ec7 v\u1edbi ch\u00fang t\u00f4i n\u1ebfu c\u00f3 b\u1ea5t k\u1ef3 th\u1eafc m\u1eafc, l\u00e0m r\u00f5 ho\u1eb7c x\u1eed l\u00fd \u0111\u01a1n \u0111\u1eb7t h\u00e0ng c\u1ee7a b\u1ea1n.<\/strong><\/div> <div>\u00a0<\/div> <div class=\"col-md-6\"><strong>C\u1ea3m \u01a1n b\u1ea1n \u0111\u00e3 quan t\u00e2m \u0111\u1ebfn Zhengzhou Shuliy Machinery Co., Ltd. Xin vui l\u00f2ng g\u1eedi th\u00f4ng tin y\u00eau c\u1ea7u c\u1ee7a b\u1ea1n cho ch\u00fang t\u00f4i. Gi\u00e1m \u0111\u1ed1c b\u00e1n h\u00e0ng c\u1ee7a ch\u00fang t\u00f4i s\u1ebd li\u00ean h\u1ec7 v\u1edbi b\u1ea1n trong th\u1eddi gian s\u1edbm nh\u1ea5t.<\/strong><\/div>   <p><\/p>","protected":false},"excerpt":{"rendered":"<p>\u00a0 Zhengzhou Shuliy Machinery Co., Ltd \u00a0 Email: info@garlic-processing.com \u00a0 WhatsApp\/Tel: +86 19139761487. You can click this WhatsApp link to chat with us directly and get instant consultation. \u00a0 Address: Nautical Road East, Zhengzhou Economic Development Zone, Henan, China. \u00a0 Please contact us for any inquiry, clarification or to process your order. \u00a0 Thank you [&hellip;]<\/p>\n","protected":false},"author":1,"featured_media":0,"parent":0,"menu_order":0,"comment_status":"closed","ping_status":"closed","template":"","meta":{"footnotes":""},"class_list":["post-8","page","type-page","status-publish","hentry"],"_links":{"self":[{"href":"https:\/\/garlic-processing.com\/vi\/wp-json\/wp\/v2\/pages\/8","targetHints":{"allow":["GET"]}}],"collection":[{"href":"https:\/\/garlic-processing.com\/vi\/wp-json\/wp\/v2\/pages"}],"about":[{"href":"https:\/\/garlic-processing.com\/vi\/wp-json\/wp\/v2\/types\/page"}],"author":[{"embeddable":true,"href":"https:\/\/garlic-processing.com\/vi\/wp-json\/wp\/v2\/users\/1"}],"replies":[{"embeddable":true,"href":"https:\/\/garlic-processing.com\/vi\/wp-json\/wp\/v2\/comments?post=8"}],"version-history":[{"count":0,"href":"https:\/\/garlic-processing.com\/vi\/wp-json\/wp\/v2\/pages\/8\/revisions"}],"wp:attachment":[{"href":"https:\/\/garlic-processing.com\/vi\/wp-json\/wp\/v2\/media?parent=8"}],"curies":[{"name":"wp","href":"https:\/\/api.w.org\/{rel}","templated":true}]}}